{"id":345,"date":"2025-03-28T14:23:31","date_gmt":"2025-03-28T14:23:31","guid":{"rendered":"https:\/\/oneroyal.news\/?page_id=345"},"modified":"2025-11-12T08:16:30","modified_gmt":"2025-11-12T08:16:30","slug":"trading-conditions","status":"publish","type":"page","link":"https:\/\/oneroyal.news\/vi\/trading-conditions\/","title":{"rendered":"\u0110i\u1ec1u ki\u1ec7n giao d\u1ecbch"},"content":{"rendered":"<div data-elementor-type=\"wp-page\" data-elementor-id=\"345\" class=\"elementor elementor-345\" data-elementor-post-type=\"page\">\n\t\t\t\t<div class=\"elementor-element elementor-element-4475a0c hero-black-centered e-flex e-con-boxed e-con e-parent\" data-id=\"4475a0c\" data-element_type=\"container\" data-settings=\"{&quot;background_background&quot;:&quot;classic&quot;}\">\n\t\t\t\t\t<div class=\"e-con-inner\">\n\t\t\t\t<div class=\"elementor-element elementor-element-6672916 elementor-widget elementor-widget-template\" data-id=\"6672916\" data-element_type=\"widget\" data-widget_type=\"template.default\">\n\t\t\t\t<div class=\"elementor-widget-container\">\n\t\t\t\t\t\t\t<div class=\"elementor-template\">\n\t\t\t\t\t<div data-elementor-type=\"section\" data-elementor-id=\"250\" class=\"elementor elementor-250\" data-elementor-post-type=\"elementor_library\">\n\t\t\t<div class=\"elementor-element elementor-element-744359a e-flex e-con-boxed e-con e-child\" data-id=\"744359a\" data-element_type=\"container\">\n\t\t\t\t\t<div class=\"e-con-inner\">\n\t\t\t\t<div class=\"elementor-element elementor-element-2642371 t-60 elementor-widget elementor-widget-heading\" data-id=\"2642371\" data-element_type=\"widget\" data-widget_type=\"heading.default\">\n\t\t\t\t<div class=\"elementor-widget-container\">\n\t\t\t\t\t<h1 class=\"elementor-heading-title elementor-size-default\">C\u1eadp nh\u1eadt \u0110i\u1ec1u ki\u1ec7n giao d\u1ecbch c\u1ee7a OneRoyal<\/h1>\t\t\t\t<\/div>\n\t\t\t\t<\/div>\n\t\t\t\t<div class=\"elementor-element elementor-element-9a26799 t-18 elementor-widget elementor-widget-heading\" data-id=\"9a26799\" data-element_type=\"widget\" data-widget_type=\"heading.default\">\n\t\t\t\t<div class=\"elementor-widget-container\">\n\t\t\t\t\t<p class=\"elementor-heading-title elementor-size-default\">C\u1eadp nh\u1eadt t\u1ea5t c\u1ea3 c\u00e1c ng\u00e0y l\u1ec5 th\u1ecb tr\u01b0\u1eddng, ng\u00e0y h\u1ebft h\u1ea1n CFD, l\u1ecbch giao d\u1ecbch v\u00e0 gi\u1edd th\u1ecb tr\u01b0\u1eddng t\u1ea1i m\u1ed9t n\u01a1i.<\/p>\t\t\t\t<\/div>\n\t\t\t\t<\/div>\n\t\t\t\t\t<\/div>\n\t\t\t\t<\/div>\n\t\t\t\t<\/div>\n\t\t\t\t<\/div>\n\t\t\t\t\t\t<\/div>\n\t\t\t\t<\/div>\n\t\t\t\t\t<\/div>\n\t\t\t\t<\/div>\n\t\t<div class=\"elementor-element elementor-element-c0cbf44 e-con-full image-text-bloc-2c-container e-flex e-con e-parent\" data-id=\"c0cbf44\" data-element_type=\"container\">\n\t\t\t\t<div class=\"elementor-element elementor-element-cf72f91 elementor-widget elementor-widget-template\" data-id=\"cf72f91\" data-element_type=\"widget\" data-widget_type=\"template.default\">\n\t\t\t\t<div class=\"elementor-widget-container\">\n\t\t\t\t\t\t\t<div class=\"elementor-template\">\n\t\t\t\t\t<div data-elementor-type=\"section\" data-elementor-id=\"287\" class=\"elementor elementor-287\" data-elementor-post-type=\"elementor_library\">\n\t\t\t<div class=\"elementor-element elementor-element-6dd68fd image-text-bloc-2c e-flex e-con-boxed e-con e-parent\" data-id=\"6dd68fd\" data-element_type=\"container\">\n\t\t\t\t\t<div class=\"e-con-inner\">\n\t\t<div class=\"elementor-element elementor-element-7040e27 e-con-full e-flex e-con e-child\" data-id=\"7040e27\" data-element_type=\"container\" data-settings=\"{&quot;background_background&quot;:&quot;classic&quot;}\">\n\t\t\t\t<\/div>\n\t\t<div class=\"elementor-element elementor-element-af7f1f6 e-con-full e-flex e-con e-child\" data-id=\"af7f1f6\" data-element_type=\"container\">\n\t\t\t\t<div class=\"elementor-element elementor-element-17f2924 t-36 elementor-widget elementor-widget-heading\" data-id=\"17f2924\" data-element_type=\"widget\" data-widget_type=\"heading.default\">\n\t\t\t\t<div class=\"elementor-widget-container\">\n\t\t\t\t\t<h2 class=\"elementor-heading-title elementor-size-default\">T\u1ea5t c\u1ea3 c\u00e1c b\u1ea3n c\u1eadp nh\u1eadt giao d\u1ecbch t\u1ea1i m\u1ed9t n\u01a1i<\/h2>\t\t\t\t<\/div>\n\t\t\t\t<\/div>\n\t\t\t\t<div class=\"elementor-element elementor-element-03e4ee0 t-18 elementor-widget elementor-widget-heading\" data-id=\"03e4ee0\" data-element_type=\"widget\" data-widget_type=\"heading.default\">\n\t\t\t\t<div class=\"elementor-widget-container\">\n\t\t\t\t\t<p class=\"elementor-heading-title elementor-size-default\"><p>\u0110\u01b0a ra quy\u1ebft \u0111\u1ecbnh s\u00e1ng su\u1ed1t v\u1edbi th\u00f4ng tin m\u1edbi nh\u1ea5t v\u1ec1 ng\u00e0y ngh\u1ec9 l\u1ec5 c\u1ee7a th\u1ecb tr\u01b0\u1eddng, ng\u00e0y h\u1ebft h\u1ea1n CFD, gi\u1edd th\u1ecb tr\u01b0\u1eddng, l\u1ecbch giao d\u1ecbch, thay \u0111\u1ed5i th\u1ecb tr\u01b0\u1eddng, gi\u1edd giao d\u1ecbch v\u00e0o ng\u00e0y l\u1ec5 v\u00e0 thay \u0111\u1ed5i \u0111i\u1ec1u ki\u1ec7n giao d\u1ecbch.<\/p>\n<p>T\u1ea1i OneRoyal, ch\u00fang t\u00f4i gi\u00fap b\u1ea1n chu\u1ea9n b\u1ecb cho nh\u1eefng bi\u1ebfn \u0111\u1ed9ng c\u1ee7a th\u1ecb tr\u01b0\u1eddng v\u1edbi c\u00e1c \u0111i\u1ec1u ki\u1ec7n giao d\u1ecbch t\u1ed1t nh\u1ea5t v\u00e0 c\u1eadp nh\u1eadt theo th\u1eddi gian th\u1ef1c.<\/p>\n<\/p>\t\t\t\t<\/div>\n\t\t\t\t<\/div>\n\t\t\t\t<\/div>\n\t\t\t\t\t<\/div>\n\t\t\t\t<\/div>\n\t\t\t\t<\/div>\n\t\t\t\t<\/div>\n\t\t\t\t\t\t<\/div>\n\t\t\t\t<\/div>\n\t\t\t\t<\/div>\n\t\t<div class=\"elementor-element elementor-element-5c30b41 e-flex e-con-boxed e-con e-parent\" data-id=\"5c30b41\" data-element_type=\"container\">\n\t\t\t\t\t<div class=\"e-con-inner\">\n\t\t<a class=\"elementor-element elementor-element-92e0e3e e-con-full e-flex e-con e-child\" data-id=\"92e0e3e\" data-element_type=\"container\" data-settings=\"{&quot;background_background&quot;:&quot;classic&quot;}\" href=\"\/vi\/market-holidays\/\">\n\t\t<div class=\"elementor-element elementor-element-f721738 e-con-full e-flex e-con e-child\" data-id=\"f721738\" data-element_type=\"container\">\n\t\t\t\t<div class=\"elementor-element elementor-element-09656e3 elementor-widget elementor-widget-image\" data-id=\"09656e3\" data-element_type=\"widget\" data-widget_type=\"image.default\">\n\t\t\t\t<div class=\"elementor-widget-container\">\n\t\t\t\t\t\t\t\t\t\t\t\t\t\t\t<img fetchpriority=\"high\" decoding=\"async\" width=\"800\" height=\"880\" src=\"https:\/\/OneRoyal.news\/wp-content\/uploads\/2025\/06\/Vector-Stroke.svg\" class=\"attachment-large size-large wp-image-23640\" alt=\"\" \/>\t\t\t\t\t\t\t\t\t\t\t\t\t\t\t<\/div>\n\t\t\t\t<\/div>\n\t\t\t\t<div class=\"elementor-element elementor-element-d9b2fbf elementor-widget elementor-widget-heading\" data-id=\"d9b2fbf\" data-element_type=\"widget\" data-widget_type=\"heading.default\">\n\t\t\t\t<div class=\"elementor-widget-container\">\n\t\t\t\t\t<h4 class=\"elementor-heading-title elementor-size-default\">Ng\u00e0y l\u1ec5 ch\u1ee3<\/h4>\t\t\t\t<\/div>\n\t\t\t\t<\/div>\n\t\t\t\t<\/div>\n\t\t\t\t<div class=\"elementor-element elementor-element-7da9d0c elementor-widget elementor-widget-text-editor\" data-id=\"7da9d0c\" data-element_type=\"widget\" data-widget_type=\"text-editor.default\">\n\t\t\t\t<div class=\"elementor-widget-container\">\n\t\t\t\t\t\t\t\t\t<p>Ki\u1ec3m tra gi\u1edd giao d\u1ecbch trong nh\u1eefng ng\u00e0y l\u1ec5 to\u00e0n c\u1ea7u.<\/p>\t\t\t\t\t\t\t\t<\/div>\n\t\t\t\t<\/div>\n\t\t\t\t<\/a>\n\t\t<a class=\"elementor-element elementor-element-598ac45 e-con-full e-flex e-con e-child\" data-id=\"598ac45\" data-element_type=\"container\" data-settings=\"{&quot;background_background&quot;:&quot;classic&quot;}\" href=\"\/vi\/cfd-expiry-dates\/\">\n\t\t<div class=\"elementor-element elementor-element-27a599b e-con-full e-flex e-con e-child\" data-id=\"27a599b\" data-element_type=\"container\">\n\t\t\t\t<div class=\"elementor-element elementor-element-51c3e89 elementor-widget elementor-widget-image\" data-id=\"51c3e89\" data-element_type=\"widget\" data-widget_type=\"image.default\">\n\t\t\t\t<div class=\"elementor-widget-container\">\n\t\t\t\t\t\t\t\t\t\t\t\t\t\t\t<img fetchpriority=\"high\" decoding=\"async\" width=\"800\" height=\"880\" src=\"https:\/\/OneRoyal.news\/wp-content\/uploads\/2025\/06\/Vector-Stroke.svg\" class=\"attachment-large size-large wp-image-23640\" alt=\"\" \/>\t\t\t\t\t\t\t\t\t\t\t\t\t\t\t<\/div>\n\t\t\t\t<\/div>\n\t\t\t\t<div class=\"elementor-element elementor-element-441c48d elementor-widget elementor-widget-heading\" data-id=\"441c48d\" data-element_type=\"widget\" data-widget_type=\"heading.default\">\n\t\t\t\t<div class=\"elementor-widget-container\">\n\t\t\t\t\t<h4 class=\"elementor-heading-title elementor-size-default\">Ng\u00e0y h\u1ebft h\u1ea1n c\u1ee7a CFD<\/h4>\t\t\t\t<\/div>\n\t\t\t\t<\/div>\n\t\t\t\t<\/div>\n\t\t\t\t<div class=\"elementor-element elementor-element-3bf8e62 elementor-widget elementor-widget-text-editor\" data-id=\"3bf8e62\" data-element_type=\"widget\" data-widget_type=\"text-editor.default\">\n\t\t\t\t<div class=\"elementor-widget-container\">\n\t\t\t\t\t\t\t\t\t<p>Theo d\u00f5i l\u1ecbch tr\u00ecnh h\u1ebft h\u1ea1n c\u1ee7a h\u00e0ng h\u00f3a v\u00e0 ch\u1ec9 s\u1ed1.<\/p>\t\t\t\t\t\t\t\t<\/div>\n\t\t\t\t<\/div>\n\t\t\t\t<\/a>\n\t\t\t\t\t<\/div>\n\t\t\t\t<\/div>\n\t\t\t\t<\/div>","protected":false},"excerpt":{"rendered":"<p>Ng\u00e0y ngh\u1ec9 l\u1ec5 c\u1ee7a th\u1ecb tr\u01b0\u1eddng Ki\u1ec3m tra gi\u1edd giao d\u1ecbch trong c\u00e1c ng\u00e0y l\u1ec5 to\u00e0n c\u1ea7u. Ng\u00e0y h\u1ebft h\u1ea1n CFD Theo d\u00f5i l\u1ecbch tr\u00ecnh h\u1ebft h\u1ea1n c\u1ee7a h\u00e0ng h\u00f3a v\u00e0 ch\u1ec9 s\u1ed1.<\/p>","protected":false},"author":3,"featured_media":0,"parent":0,"menu_order":0,"comment_status":"closed","ping_status":"closed","template":"","meta":{"_acf_changed":false,"inline_featured_image":false,"footnotes":""},"class_list":["post-345","page","type-page","status-publish","hentry"],"acf":[],"yoast_head":"<!-- This site is optimized with the Yoast SEO plugin v26.6 - https:\/\/yoast.com\/wordpress\/plugins\/seo\/ -->\n<title>Trading Conditions - OneRoyal News<\/title>\n<meta name=\"robots\" content=\"index, follow, max-snippet:-1, max-image-preview:large, max-video-preview:-1\" \/>\n<link rel=\"canonical\" href=\"https:\/\/oneroyal.news\/vi\/trading-conditions\/\" \/>\n<meta property=\"og:locale\" content=\"vi_VN\" \/>\n<meta property=\"og:type\" content=\"article\" \/>\n<meta property=\"og:title\" content=\"Trading Conditions - OneRoyal News\" \/>\n<meta property=\"og:description\" content=\"Market Holidays Check trading hours during global public holidays. CFD Expirations Track expiry schedules for commodities and indices.\" \/>\n<meta property=\"og:url\" content=\"https:\/\/oneroyal.news\/vi\/trading-conditions\/\" \/>\n<meta property=\"og:site_name\" content=\"OneRoyal News\" \/>\n<meta property=\"article:modified_time\" content=\"2025-11-12T08:16:30+00:00\" \/>\n<meta property=\"og:image\" content=\"https:\/\/oneroyal.news\/wp-content\/uploads\/2025\/06\/Vector-Stroke.svg\" \/>\n<meta name=\"twitter:card\" content=\"summary_large_image\" \/>\n<meta name=\"twitter:label1\" content=\"\u01af\u1edbc t\u00ednh th\u1eddi gian \u0111\u1ecdc\" \/>\n\t<meta name=\"twitter:data1\" content=\"2 ph\u00fat\" \/>\n<script type=\"application\/ld+json\" class=\"yoast-schema-graph\">{\"@context\":\"https:\/\/schema.org\",\"@graph\":[{\"@type\":\"WebPage\",\"@id\":\"https:\/\/oneroyal.news\/id\/trading-conditions\/\",\"url\":\"https:\/\/oneroyal.news\/id\/trading-conditions\/\",\"name\":\"Trading Conditions - OneRoyal News\",\"isPartOf\":{\"@id\":\"https:\/\/www.oneroyal.news\/cn\/#website\"},\"primaryImageOfPage\":{\"@id\":\"https:\/\/oneroyal.news\/id\/trading-conditions\/#primaryimage\"},\"image\":{\"@id\":\"https:\/\/oneroyal.news\/id\/trading-conditions\/#primaryimage\"},\"thumbnailUrl\":\"https:\/\/oneroyal.news\/wp-content\/uploads\/2025\/06\/Vector-Stroke.svg\",\"datePublished\":\"2025-03-28T14:23:31+00:00\",\"dateModified\":\"2025-11-12T08:16:30+00:00\",\"breadcrumb\":{\"@id\":\"https:\/\/oneroyal.news\/id\/trading-conditions\/#breadcrumb\"},\"inLanguage\":\"vi\",\"potentialAction\":[{\"@type\":\"ReadAction\",\"target\":[\"https:\/\/oneroyal.news\/id\/trading-conditions\/\"]}]},{\"@type\":\"ImageObject\",\"inLanguage\":\"vi\",\"@id\":\"https:\/\/oneroyal.news\/id\/trading-conditions\/#primaryimage\",\"url\":\"https:\/\/oneroyal.news\/wp-content\/uploads\/2025\/06\/Vector-Stroke.svg\",\"contentUrl\":\"https:\/\/oneroyal.news\/wp-content\/uploads\/2025\/06\/Vector-Stroke.svg\"},{\"@type\":\"BreadcrumbList\",\"@id\":\"https:\/\/oneroyal.news\/id\/trading-conditions\/#breadcrumb\",\"itemListElement\":[{\"@type\":\"ListItem\",\"position\":1,\"name\":\"Home\",\"item\":\"https:\/\/www.oneroyal.news\/cn\/\"},{\"@type\":\"ListItem\",\"position\":2,\"name\":\"Trading Conditions\"}]},{\"@type\":\"WebSite\",\"@id\":\"https:\/\/www.oneroyal.news\/cn\/#website\",\"url\":\"https:\/\/www.oneroyal.news\/cn\/\",\"name\":\"OneRoyal News\",\"description\":\"\",\"publisher\":{\"@id\":\"https:\/\/www.oneroyal.news\/cn\/#organization\"},\"potentialAction\":[{\"@type\":\"SearchAction\",\"target\":{\"@type\":\"EntryPoint\",\"urlTemplate\":\"https:\/\/www.oneroyal.news\/cn\/?s={search_term_string}\"},\"query-input\":{\"@type\":\"PropertyValueSpecification\",\"valueRequired\":true,\"valueName\":\"search_term_string\"}}],\"inLanguage\":\"vi\"},{\"@type\":\"Organization\",\"@id\":\"https:\/\/www.oneroyal.news\/cn\/#organization\",\"name\":\"OneRoyal News\",\"url\":\"https:\/\/www.oneroyal.news\/cn\/\",\"logo\":{\"@type\":\"ImageObject\",\"inLanguage\":\"vi\",\"@id\":\"https:\/\/www.oneroyal.news\/cn\/#\/schema\/logo\/image\/\",\"url\":\"https:\/\/oneroyal.news\/wp-content\/uploads\/2025\/01\/OR-logo.svg\",\"contentUrl\":\"https:\/\/oneroyal.news\/wp-content\/uploads\/2025\/01\/OR-logo.svg\",\"width\":123,\"height\":18,\"caption\":\"OneRoyal News\"},\"image\":{\"@id\":\"https:\/\/www.oneroyal.news\/cn\/#\/schema\/logo\/image\/\"}}]}<\/script>\n<!-- \/ Yoast SEO plugin. -->","yoast_head_json":{"title":"\u0110i\u1ec1u ki\u1ec7n giao d\u1ecbch - Tin t\u1ee9c OneRoyal","robots":{"index":"index","follow":"follow","max-snippet":"max-snippet:-1","max-image-preview":"max-image-preview:large","max-video-preview":"max-video-preview:-1"},"canonical":"https:\/\/oneroyal.news\/vi\/trading-conditions\/","og_locale":"vi_VN","og_type":"article","og_title":"Trading Conditions - OneRoyal News","og_description":"Market Holidays Check trading hours during global public holidays. CFD Expirations Track expiry schedules for commodities and indices.","og_url":"https:\/\/oneroyal.news\/vi\/trading-conditions\/","og_site_name":"OneRoyal News","article_modified_time":"2025-11-12T08:16:30+00:00","og_image":[{"url":"https:\/\/oneroyal.news\/wp-content\/uploads\/2025\/06\/Vector-Stroke.svg","type":"","width":"","height":""}],"twitter_card":"summary_large_image","twitter_misc":{"\u01af\u1edbc t\u00ednh th\u1eddi gian \u0111\u1ecdc":"2 ph\u00fat"},"schema":{"@context":"https:\/\/schema.org","@graph":[{"@type":"WebPage","@id":"https:\/\/oneroyal.news\/id\/trading-conditions\/","url":"https:\/\/oneroyal.news\/id\/trading-conditions\/","name":"\u0110i\u1ec1u ki\u1ec7n giao d\u1ecbch - Tin t\u1ee9c OneRoyal","isPartOf":{"@id":"https:\/\/www.oneroyal.news\/cn\/#website"},"primaryImageOfPage":{"@id":"https:\/\/oneroyal.news\/id\/trading-conditions\/#primaryimage"},"image":{"@id":"https:\/\/oneroyal.news\/id\/trading-conditions\/#primaryimage"},"thumbnailUrl":"https:\/\/oneroyal.news\/wp-content\/uploads\/2025\/06\/Vector-Stroke.svg","datePublished":"2025-03-28T14:23:31+00:00","dateModified":"2025-11-12T08:16:30+00:00","breadcrumb":{"@id":"https:\/\/oneroyal.news\/id\/trading-conditions\/#breadcrumb"},"inLanguage":"vi","potentialAction":[{"@type":"ReadAction","target":["https:\/\/oneroyal.news\/id\/trading-conditions\/"]}]},{"@type":"ImageObject","inLanguage":"vi","@id":"https:\/\/oneroyal.news\/id\/trading-conditions\/#primaryimage","url":"https:\/\/oneroyal.news\/wp-content\/uploads\/2025\/06\/Vector-Stroke.svg","contentUrl":"https:\/\/oneroyal.news\/wp-content\/uploads\/2025\/06\/Vector-Stroke.svg"},{"@type":"BreadcrumbList","@id":"https:\/\/oneroyal.news\/id\/trading-conditions\/#breadcrumb","itemListElement":[{"@type":"ListItem","position":1,"name":"Home","item":"https:\/\/www.oneroyal.news\/cn\/"},{"@type":"ListItem","position":2,"name":"Trading Conditions"}]},{"@type":"WebSite","@id":"https:\/\/www.oneroyal.news\/cn\/#website","url":"https:\/\/www.oneroyal.news\/cn\/","name":"Tin t\u1ee9c OneRoyal","description":"","publisher":{"@id":"https:\/\/www.oneroyal.news\/cn\/#organization"},"potentialAction":[{"@type":"SearchAction","target":{"@type":"EntryPoint","urlTemplate":"https:\/\/www.oneroyal.news\/cn\/?s={search_term_string}"},"query-input":{"@type":"PropertyValueSpecification","valueRequired":true,"valueName":"search_term_string"}}],"inLanguage":"vi"},{"@type":"Organization","@id":"https:\/\/www.oneroyal.news\/cn\/#organization","name":"Tin t\u1ee9c OneRoyal","url":"https:\/\/www.oneroyal.news\/cn\/","logo":{"@type":"ImageObject","inLanguage":"vi","@id":"https:\/\/www.oneroyal.news\/cn\/#\/schema\/logo\/image\/","url":"https:\/\/oneroyal.news\/wp-content\/uploads\/2025\/01\/OR-logo.svg","contentUrl":"https:\/\/oneroyal.news\/wp-content\/uploads\/2025\/01\/OR-logo.svg","width":123,"height":18,"caption":"OneRoyal News"},"image":{"@id":"https:\/\/www.oneroyal.news\/cn\/#\/schema\/logo\/image\/"}}]}},"_links":{"self":[{"href":"https:\/\/oneroyal.news\/vi\/wp-json\/wp\/v2\/pages\/345","targetHints":{"allow":["GET"]}}],"collection":[{"href":"https:\/\/oneroyal.news\/vi\/wp-json\/wp\/v2\/pages"}],"about":[{"href":"https:\/\/oneroyal.news\/vi\/wp-json\/wp\/v2\/types\/page"}],"author":[{"embeddable":true,"href":"https:\/\/oneroyal.news\/vi\/wp-json\/wp\/v2\/users\/3"}],"replies":[{"embeddable":true,"href":"https:\/\/oneroyal.news\/vi\/wp-json\/wp\/v2\/comments?post=345"}],"version-history":[{"count":29,"href":"https:\/\/oneroyal.news\/vi\/wp-json\/wp\/v2\/pages\/345\/revisions"}],"predecessor-version":[{"id":23661,"href":"https:\/\/oneroyal.news\/vi\/wp-json\/wp\/v2\/pages\/345\/revisions\/23661"}],"wp:attachment":[{"href":"https:\/\/oneroyal.news\/vi\/wp-json\/wp\/v2\/media?parent=345"}],"curies":[{"name":"wp","href":"https:\/\/api.w.org\/{rel}","templated":true}]}}