{"id":321,"date":"2025-03-28T13:52:23","date_gmt":"2025-03-28T13:52:23","guid":{"rendered":"https:\/\/oneroyal.news\/?page_id=321"},"modified":"2025-12-15T13:59:02","modified_gmt":"2025-12-15T13:59:02","slug":"economic-events","status":"publish","type":"page","link":"https:\/\/oneroyal.news\/vi\/economic-events\/","title":{"rendered":"S\u1ef1 ki\u1ec7n c\u01a1 b\u1ea3n"},"content":{"rendered":"<div data-elementor-type=\"wp-page\" data-elementor-id=\"321\" class=\"elementor elementor-321\" data-elementor-post-type=\"page\">\n\t\t\t\t<div class=\"elementor-element elementor-element-7835e55 hero-black-centered e-flex e-con-boxed e-con e-parent\" data-id=\"7835e55\" data-element_type=\"container\" data-settings=\"{&quot;background_background&quot;:&quot;classic&quot;}\">\n\t\t\t\t\t<div class=\"e-con-inner\">\n\t\t\t\t<div class=\"elementor-element elementor-element-6057853 elementor-widget elementor-widget-template\" data-id=\"6057853\" data-element_type=\"widget\" data-widget_type=\"template.default\">\n\t\t\t\t<div class=\"elementor-widget-container\">\n\t\t\t\t\t\t\t<div class=\"elementor-template\">\n\t\t\t\t\t<div data-elementor-type=\"section\" data-elementor-id=\"250\" class=\"elementor elementor-250\" data-elementor-post-type=\"elementor_library\">\n\t\t\t<div class=\"elementor-element elementor-element-744359a e-flex e-con-boxed e-con e-child\" data-id=\"744359a\" data-element_type=\"container\">\n\t\t\t\t\t<div class=\"e-con-inner\">\n\t\t\t\t<div class=\"elementor-element elementor-element-2642371 t-60 elementor-widget elementor-widget-heading\" data-id=\"2642371\" data-element_type=\"widget\" data-widget_type=\"heading.default\">\n\t\t\t\t<div class=\"elementor-widget-container\">\n\t\t\t\t\t<h1 class=\"elementor-heading-title elementor-size-default\">L\u1ecbch kinh t\u1ebf OneRoyal<\/h1>\t\t\t\t<\/div>\n\t\t\t\t<\/div>\n\t\t\t\t<div class=\"elementor-element elementor-element-9a26799 t-18 elementor-widget elementor-widget-heading\" data-id=\"9a26799\" data-element_type=\"widget\" data-widget_type=\"heading.default\">\n\t\t\t\t<div class=\"elementor-widget-container\">\n\t\t\t\t\t<p class=\"elementor-heading-title elementor-size-default\">C\u1eadp nh\u1eadt th\u00f4ng tin v\u1ec1 c\u00e1c s\u1ef1 ki\u1ec7n th\u1ecb tr\u01b0\u1eddng quan tr\u1ecdng v\u00e0 c\u00e1c th\u00f4ng tin kinh t\u1ebf \u0111\u01b0\u1ee3c c\u00f4ng b\u1ed1, c\u00f9ng v\u1edbi t\u00e1c \u0111\u1ed9ng ti\u1ec1m t\u00e0ng c\u1ee7a ch\u00fang.\u00a0<\/p>\t\t\t\t<\/div>\n\t\t\t\t<\/div>\n\t\t\t\t\t<\/div>\n\t\t\t\t<\/div>\n\t\t\t\t<\/div>\n\t\t\t\t<\/div>\n\t\t\t\t\t\t<\/div>\n\t\t\t\t<\/div>\n\t\t\t\t\t<\/div>\n\t\t\t\t<\/div>\n\t\t<div class=\"elementor-element elementor-element-2c609c1 e-con-full image-text-bloc-2c-container e-flex e-con e-parent\" data-id=\"2c609c1\" data-element_type=\"container\">\n\t\t\t\t<div class=\"elementor-element elementor-element-bdc325a elementor-widget elementor-widget-template\" data-id=\"bdc325a\" data-element_type=\"widget\" data-widget_type=\"template.default\">\n\t\t\t\t<div class=\"elementor-widget-container\">\n\t\t\t\t\t\t\t<div class=\"elementor-template\">\n\t\t\t\t\t<div data-elementor-type=\"section\" data-elementor-id=\"287\" class=\"elementor elementor-287\" data-elementor-post-type=\"elementor_library\">\n\t\t\t<div class=\"elementor-element elementor-element-6dd68fd image-text-bloc-2c e-flex e-con-boxed e-con e-parent\" data-id=\"6dd68fd\" data-element_type=\"container\">\n\t\t\t\t\t<div class=\"e-con-inner\">\n\t\t<div class=\"elementor-element elementor-element-7040e27 e-con-full e-flex e-con e-child\" data-id=\"7040e27\" data-element_type=\"container\" data-settings=\"{&quot;background_background&quot;:&quot;classic&quot;}\">\n\t\t\t\t<\/div>\n\t\t<div class=\"elementor-element elementor-element-af7f1f6 e-con-full e-flex e-con e-child\" data-id=\"af7f1f6\" data-element_type=\"container\">\n\t\t\t\t<div class=\"elementor-element elementor-element-17f2924 t-36 elementor-widget elementor-widget-heading\" data-id=\"17f2924\" data-element_type=\"widget\" data-widget_type=\"heading.default\">\n\t\t\t\t<div class=\"elementor-widget-container\">\n\t\t\t\t\t<h2 class=\"elementor-heading-title elementor-size-default\">Thi\u1ebft l\u1eadp L\u1ecbch giao d\u1ecbch c\u1ee7a b\u1ea1n<\/h2>\t\t\t\t<\/div>\n\t\t\t\t<\/div>\n\t\t\t\t<div class=\"elementor-element elementor-element-03e4ee0 t-18 elementor-widget elementor-widget-heading\" data-id=\"03e4ee0\" data-element_type=\"widget\" data-widget_type=\"heading.default\">\n\t\t\t\t<div class=\"elementor-widget-container\">\n\t\t\t\t\t<p class=\"elementor-heading-title elementor-size-default\"><p>L\u00ean k\u1ebf ho\u1ea1ch giao d\u1ecbch v\u1edbi l\u1ecbch c\u00f4ng b\u1ed1 th\u00f4ng tin kinh t\u1ebf v\u00e0 s\u1ef1 ki\u1ec7n th\u1ecb tr\u01b0\u1eddng c\u1ee7a OneRoyal.<\/p>\n<p>Truy c\u1eadp c\u00e1c ph\u00e2n t\u00edch c\u01a1 b\u1ea3n v\u00e0 b\u00ecnh lu\u1eadn c\u1ee7a chuy\u00ean gia v\u1ec1 c\u00e1c s\u1ef1 ki\u1ec7n bi\u1ebfn \u0111\u1ed9ng th\u1ecb tr\u01b0\u1eddng, bao g\u1ed3m tin t\u1ee9c kinh t\u1ebf, c\u00f4ng b\u1ed1 d\u1eef li\u1ec7u v\u00e0 quy\u1ebft \u0111\u1ecbnh c\u1ee7a ng\u00e2n h\u00e0ng trung \u01b0\u01a1ng.<\/p>\n<\/p>\t\t\t\t<\/div>\n\t\t\t\t<\/div>\n\t\t\t\t<\/div>\n\t\t\t\t\t<\/div>\n\t\t\t\t<\/div>\n\t\t\t\t<\/div>\n\t\t\t\t<\/div>\n\t\t\t\t\t\t<\/div>\n\t\t\t\t<\/div>\n\t\t\t\t<\/div>\n\t\t<div class=\"elementor-element elementor-element-5c99ae9 e-con-full blog-section-container e-flex e-con e-parent\" data-id=\"5c99ae9\" data-element_type=\"container\">\n\t\t<div class=\"elementor-element elementor-element-f67f318 blog-section-wrapper e-flex e-con-boxed e-con e-child\" data-id=\"f67f318\" data-element_type=\"container\">\n\t\t\t\t\t<div class=\"e-con-inner\">\n\t\t\t\t<div class=\"elementor-element elementor-element-975d9e7 blog-section-title elementor-widget elementor-widget-heading\" data-id=\"975d9e7\" data-element_type=\"widget\" data-widget_type=\"heading.default\">\n\t\t\t\t<div class=\"elementor-widget-container\">\n\t\t\t\t\t<h2 class=\"elementor-heading-title elementor-size-default\">Lu\u00f4n chu\u1ea9n b\u1ecb s\u1eb5n s\u00e0ng v\u1edbi L\u1ecbch kinh t\u1ebf c\u1ee7a OneRoyal<\/h2>\t\t\t\t<\/div>\n\t\t\t\t<\/div>\n\t\t\t\t<div class=\"elementor-element elementor-element-4b049c6 elementor-widget elementor-widget-html\" data-id=\"4b049c6\" data-element_type=\"widget\" data-widget_type=\"html.default\">\n\t\t\t\t<div class=\"elementor-widget-container\">\n\t\t\t\t\t<div id=\"acuity-calendar\"><\/div>\n<script src=\"https:\/\/prodstorage.azureedge.net\/Widgets\/lib\/@1.0.0\/widget-core.js\"><\/script>\n<script>\nAcuityWidgets.globals({\napikey: 'f7910fc7-b0af-4fe2-bc1b-fc974502603f',\nlocale: 'en-GB'\n});\nvar widget = AcuityWidgets.CreateWidget(\n'acuitycalendar',\ndocument.getElementById('acuity-calendar'),\n{ settingId: 7859 }\n);\nwidget.mount();\n<\/script>\t\t\t\t<\/div>\n\t\t\t\t<\/div>\n\t\t\t\t<div class=\"elementor-element elementor-element-55de286 elementor-posts--thumbnail-top elementor-grid-3 elementor-grid-tablet-2 elementor-grid-mobile-1 elementor-widget elementor-widget-posts\" data-id=\"55de286\" data-element_type=\"widget\" data-settings=\"{&quot;custom_row_gap&quot;:{&quot;unit&quot;:&quot;px&quot;,&quot;size&quot;:64,&quot;sizes&quot;:[]},&quot;custom_columns&quot;:&quot;3&quot;,&quot;custom_columns_tablet&quot;:&quot;2&quot;,&quot;custom_columns_mobile&quot;:&quot;1&quot;,&quot;custom_row_gap_tablet&quot;:{&quot;unit&quot;:&quot;px&quot;,&quot;size&quot;:&quot;&quot;,&quot;sizes&quot;:[]},&quot;custom_row_gap_mobile&quot;:{&quot;unit&quot;:&quot;px&quot;,&quot;size&quot;:&quot;&quot;,&quot;sizes&quot;:[]}}\" data-widget_type=\"posts.custom\">\n\t\t\t\t<div class=\"elementor-widget-container\">\n\t\t\t\t\t      <div class=\"ecs-posts elementor-posts-container elementor-posts   elementor-grid elementor-posts--skin-custom\" data-settings=\"{&quot;current_page&quot;:1,&quot;max_num_pages&quot;:1,&quot;load_method&quot;:&quot;loadmore&quot;,&quot;widget_id&quot;:&quot;55de286&quot;,&quot;post_id&quot;:321,&quot;theme_id&quot;:321,&quot;change_url&quot;:false,&quot;reinit_js&quot;:false}\">\n      \t\t<article id=\"post-24048\" class=\"elementor-post elementor-grid-item ecs-post-loop post-24048 post type-post status-publish format-standard has-post-thumbnail hentry category-daily-analysis category-economic-calendar-events category-market-analysis category-markets-to-watch category-special-reports category-uncategorized\">\n\t\t\t\t<div data-elementor-type=\"loop\" data-elementor-id=\"22671\" class=\"elementor elementor-22671 post-24048 post type-post status-publish format-standard has-post-thumbnail hentry category-daily-analysis category-economic-calendar-events category-market-analysis category-markets-to-watch category-special-reports category-uncategorized\" data-elementor-post-type=\"elementor_library\">\n\t\t\t<div class=\"elementor-element elementor-element-7c7e9a9 page-blog-section-item e-flex e-con-boxed e-con e-parent\" data-id=\"7c7e9a9\" data-element_type=\"container\">\n\t\t\t\t\t<div class=\"e-con-inner\">\n\t\t<style>#post-24048 .elementor-22671 .elementor-element.elementor-element-7aa698e:not(.elementor-motion-effects-element-type-background), #post-24048 .elementor-22671 .elementor-element.elementor-element-7aa698e > .elementor-motion-effects-container > .elementor-motion-effects-layer{background-image: url(\"https:\/\/OneRoyal.news\/wp-content\/uploads\/2025\/09\/a_feature_image_for_an_article_titled.jpeg\");}<\/style><a class=\"elementor-element elementor-element-7aa698e e-con-full image e-flex e-con e-child\" data-id=\"7aa698e\" data-element_type=\"container\" data-settings=\"{&quot;background_background&quot;:&quot;classic&quot;}\" href=\"https:\/\/OneRoyal.news\/vi\/daily-analysis\/stocks-climb-gold-roars-dollar-dips-all-eyes-on-u-s-shutdown-and-jobs-report\/\">\n\t\t\t\t<\/a>\n\t\t<div class=\"elementor-element elementor-element-8570a2f e-con-full content e-flex e-con e-child\" data-id=\"8570a2f\" data-element_type=\"container\">\n\t\t\t\t<div class=\"elementor-element elementor-element-a01327f title elementor-widget elementor-widget-heading\" data-id=\"a01327f\" data-element_type=\"widget\" data-widget_type=\"heading.default\">\n\t\t\t\t<div class=\"elementor-widget-container\">\n\t\t\t\t\t<h3 class=\"elementor-heading-title elementor-size-default\"><a href=\"https:\/\/OneRoyal.news\/vi\/daily-analysis\/stocks-climb-gold-roars-dollar-dips-all-eyes-on-u-s-shutdown-and-jobs-report\/\">C\u1ed5 phi\u1ebfu t\u0103ng, v\u00e0ng t\u0103ng v\u1ecdt, \u0111\u00f4 la gi\u1ea3m - M\u1ecdi \u00e1nh m\u1eaft \u0111\u1ed5 d\u1ed3n v\u00e0o b\u00e1o c\u00e1o vi\u1ec7c l\u00e0m v\u00e0 l\u1ec7nh \u0111\u00f3ng c\u1eeda ch\u00ednh ph\u1ee7 Hoa K\u1ef3<\/a><\/h3>\t\t\t\t<\/div>\n\t\t\t\t<\/div>\n\t\t\t\t<div class=\"elementor-element elementor-element-752bede description elementor-widget elementor-widget-heading\" data-id=\"752bede\" data-element_type=\"widget\" data-widget_type=\"heading.default\">\n\t\t\t\t<div class=\"elementor-widget-container\">\n\t\t\t\t\t<p class=\"elementor-heading-title elementor-size-default\"><a href=\"https:\/\/OneRoyal.news\/vi\/daily-analysis\/stocks-climb-gold-roars-dollar-dips-all-eyes-on-u-s-shutdown-and-jobs-report\/\">C\u1eadp nh\u1eadt th\u1ecb tr\u01b0\u1eddng \u2014 29 th\u00e1ng 9 n\u0103m 2025 C\u1ed5 phi\u1ebfu t\u0103ng, v\u00e0ng t\u0103ng v\u1ecdt, \u0111\u1ed3ng \u0111\u00f4 la gi\u1ea3m \u2014 M\u1ecdi \u00e1nh m\u1eaft \u0111\u1ed5 d\u1ed3n v\u00e0o b\u00e1o c\u00e1o vi\u1ec7c l\u00e0m v\u00e0 l\u1ec7nh \u0111\u00f3ng c\u1eeda ch\u00ednh ph\u1ee7 t\u1ea1i Hoa K\u1ef3 \u26a1 Tin t\u1ee9c h\u00f4m nay<\/a><\/p>\t\t\t\t<\/div>\n\t\t\t\t<\/div>\n\t\t\t\t<div class=\"elementor-element elementor-element-874ae0a learn-more elementor-widget elementor-widget-heading\" data-id=\"874ae0a\" data-element_type=\"widget\" data-widget_type=\"heading.default\">\n\t\t\t\t<div class=\"elementor-widget-container\">\n\t\t\t\t\t<span class=\"elementor-heading-title elementor-size-default\"><a href=\"https:\/\/OneRoyal.news\/vi\/daily-analysis\/stocks-climb-gold-roars-dollar-dips-all-eyes-on-u-s-shutdown-and-jobs-report\/\">T\u00ecm hi\u1ec3u th\u00eam<\/a><\/span>\t\t\t\t<\/div>\n\t\t\t\t<\/div>\n\t\t\t\t<\/div>\n\t\t\t\t\t<\/div>\n\t\t\t\t<\/div>\n\t\t\t\t<\/div>\n\t\t\t\t<\/article>\n\t\t\t\t<\/div>\n\t\t\t\t\t\t<\/div>\n\t\t\t\t<\/div>\n\t\t\t\t\t<\/div>\n\t\t\t\t<\/div>\n\t\t\t\t<\/div>\n\t\t\t\t<\/div>","protected":false},"excerpt":{"rendered":"","protected":false},"author":3,"featured_media":0,"parent":0,"menu_order":0,"comment_status":"closed","ping_status":"closed","template":"","meta":{"_acf_changed":false,"inline_featured_image":false,"footnotes":""},"class_list":["post-321","page","type-page","status-publish","hentry"],"acf":[],"yoast_head":"<!-- This site is optimized with the Yoast SEO plugin v26.6 - https:\/\/yoast.com\/wordpress\/plugins\/seo\/ -->\n<title>Fundamental Events - OneRoyal News<\/title>\n<meta name=\"robots\" content=\"index, follow, max-snippet:-1, max-image-preview:large, max-video-preview:-1\" \/>\n<link rel=\"canonical\" href=\"https:\/\/www.oneroyal.news\/en\/economic-events\/\" \/>\n<meta property=\"og:locale\" content=\"vi_VN\" \/>\n<meta property=\"og:type\" content=\"article\" \/>\n<meta property=\"og:title\" content=\"Fundamental Events - OneRoyal News\" \/>\n<meta property=\"og:url\" content=\"https:\/\/www.oneroyal.news\/en\/economic-events\/\" \/>\n<meta property=\"og:site_name\" content=\"OneRoyal News\" \/>\n<meta property=\"article:modified_time\" content=\"2025-12-15T13:59:02+00:00\" \/>\n<meta name=\"twitter:card\" content=\"summary_large_image\" \/>\n<script type=\"application\/ld+json\" class=\"yoast-schema-graph\">{\"@context\":\"https:\/\/schema.org\",\"@graph\":[{\"@type\":\"WebPage\",\"@id\":\"https:\/\/www.oneroyal.news\/en\/economic-events\/\",\"url\":\"https:\/\/www.oneroyal.news\/en\/economic-events\/\",\"name\":\"Fundamental Events - OneRoyal News\",\"isPartOf\":{\"@id\":\"https:\/\/oneroyal.news\/ms\/#website\"},\"datePublished\":\"2025-03-28T13:52:23+00:00\",\"dateModified\":\"2025-12-15T13:59:02+00:00\",\"breadcrumb\":{\"@id\":\"https:\/\/www.oneroyal.news\/en\/economic-events\/#breadcrumb\"},\"inLanguage\":\"vi\",\"potentialAction\":[{\"@type\":\"ReadAction\",\"target\":[\"https:\/\/www.oneroyal.news\/en\/economic-events\/\"]}]},{\"@type\":\"BreadcrumbList\",\"@id\":\"https:\/\/www.oneroyal.news\/en\/economic-events\/#breadcrumb\",\"itemListElement\":[{\"@type\":\"ListItem\",\"position\":1,\"name\":\"Home\",\"item\":\"https:\/\/oneroyal.news\/ms\/\"},{\"@type\":\"ListItem\",\"position\":2,\"name\":\"Fundamental Events\"}]},{\"@type\":\"WebSite\",\"@id\":\"https:\/\/oneroyal.news\/ms\/#website\",\"url\":\"https:\/\/oneroyal.news\/ms\/\",\"name\":\"OneRoyal News\",\"description\":\"\",\"publisher\":{\"@id\":\"https:\/\/oneroyal.news\/ms\/#organization\"},\"potentialAction\":[{\"@type\":\"SearchAction\",\"target\":{\"@type\":\"EntryPoint\",\"urlTemplate\":\"https:\/\/oneroyal.news\/ms\/?s={search_term_string}\"},\"query-input\":{\"@type\":\"PropertyValueSpecification\",\"valueRequired\":true,\"valueName\":\"search_term_string\"}}],\"inLanguage\":\"vi\"},{\"@type\":\"Organization\",\"@id\":\"https:\/\/oneroyal.news\/ms\/#organization\",\"name\":\"OneRoyal News\",\"url\":\"https:\/\/oneroyal.news\/ms\/\",\"logo\":{\"@type\":\"ImageObject\",\"inLanguage\":\"vi\",\"@id\":\"https:\/\/oneroyal.news\/ms\/#\/schema\/logo\/image\/\",\"url\":\"https:\/\/oneroyal.news\/wp-content\/uploads\/2025\/01\/OR-logo.svg\",\"contentUrl\":\"https:\/\/oneroyal.news\/wp-content\/uploads\/2025\/01\/OR-logo.svg\",\"width\":123,\"height\":18,\"caption\":\"OneRoyal News\"},\"image\":{\"@id\":\"https:\/\/oneroyal.news\/ms\/#\/schema\/logo\/image\/\"}}]}<\/script>\n<!-- \/ Yoast SEO plugin. -->","yoast_head_json":{"title":"S\u1ef1 ki\u1ec7n c\u01a1 b\u1ea3n - Tin t\u1ee9c OneRoyal","robots":{"index":"index","follow":"follow","max-snippet":"max-snippet:-1","max-image-preview":"max-image-preview:large","max-video-preview":"max-video-preview:-1"},"canonical":"https:\/\/www.oneroyal.news\/en\/economic-events\/","og_locale":"vi_VN","og_type":"article","og_title":"Fundamental Events - OneRoyal News","og_url":"https:\/\/www.oneroyal.news\/en\/economic-events\/","og_site_name":"OneRoyal News","article_modified_time":"2025-12-15T13:59:02+00:00","twitter_card":"summary_large_image","schema":{"@context":"https:\/\/schema.org","@graph":[{"@type":"WebPage","@id":"https:\/\/www.oneroyal.news\/en\/economic-events\/","url":"https:\/\/www.oneroyal.news\/en\/economic-events\/","name":"S\u1ef1 ki\u1ec7n c\u01a1 b\u1ea3n - Tin t\u1ee9c OneRoyal","isPartOf":{"@id":"https:\/\/oneroyal.news\/ms\/#website"},"datePublished":"2025-03-28T13:52:23+00:00","dateModified":"2025-12-15T13:59:02+00:00","breadcrumb":{"@id":"https:\/\/www.oneroyal.news\/en\/economic-events\/#breadcrumb"},"inLanguage":"vi","potentialAction":[{"@type":"ReadAction","target":["https:\/\/www.oneroyal.news\/en\/economic-events\/"]}]},{"@type":"BreadcrumbList","@id":"https:\/\/www.oneroyal.news\/en\/economic-events\/#breadcrumb","itemListElement":[{"@type":"ListItem","position":1,"name":"Home","item":"https:\/\/oneroyal.news\/ms\/"},{"@type":"ListItem","position":2,"name":"Fundamental Events"}]},{"@type":"WebSite","@id":"https:\/\/oneroyal.news\/ms\/#website","url":"https:\/\/oneroyal.news\/ms\/","name":"Tin t\u1ee9c OneRoyal","description":"","publisher":{"@id":"https:\/\/oneroyal.news\/ms\/#organization"},"potentialAction":[{"@type":"SearchAction","target":{"@type":"EntryPoint","urlTemplate":"https:\/\/oneroyal.news\/ms\/?s={search_term_string}"},"query-input":{"@type":"PropertyValueSpecification","valueRequired":true,"valueName":"search_term_string"}}],"inLanguage":"vi"},{"@type":"Organization","@id":"https:\/\/oneroyal.news\/ms\/#organization","name":"Tin t\u1ee9c OneRoyal","url":"https:\/\/oneroyal.news\/ms\/","logo":{"@type":"ImageObject","inLanguage":"vi","@id":"https:\/\/oneroyal.news\/ms\/#\/schema\/logo\/image\/","url":"https:\/\/oneroyal.news\/wp-content\/uploads\/2025\/01\/OR-logo.svg","contentUrl":"https:\/\/oneroyal.news\/wp-content\/uploads\/2025\/01\/OR-logo.svg","width":123,"height":18,"caption":"OneRoyal News"},"image":{"@id":"https:\/\/oneroyal.news\/ms\/#\/schema\/logo\/image\/"}}]}},"_links":{"self":[{"href":"https:\/\/oneroyal.news\/vi\/wp-json\/wp\/v2\/pages\/321","targetHints":{"allow":["GET"]}}],"collection":[{"href":"https:\/\/oneroyal.news\/vi\/wp-json\/wp\/v2\/pages"}],"about":[{"href":"https:\/\/oneroyal.news\/vi\/wp-json\/wp\/v2\/types\/page"}],"author":[{"embeddable":true,"href":"https:\/\/oneroyal.news\/vi\/wp-json\/wp\/v2\/users\/3"}],"replies":[{"embeddable":true,"href":"https:\/\/oneroyal.news\/vi\/wp-json\/wp\/v2\/comments?post=321"}],"version-history":[{"count":30,"href":"https:\/\/oneroyal.news\/vi\/wp-json\/wp\/v2\/pages\/321\/revisions"}],"predecessor-version":[{"id":24248,"href":"https:\/\/oneroyal.news\/vi\/wp-json\/wp\/v2\/pages\/321\/revisions\/24248"}],"wp:attachment":[{"href":"https:\/\/oneroyal.news\/vi\/wp-json\/wp\/v2\/media?parent=321"}],"curies":[{"name":"wp","href":"https:\/\/api.w.org\/{rel}","templated":true}]}}