{"id":22694,"date":"2025-04-11T13:34:17","date_gmt":"2025-04-11T13:34:17","guid":{"rendered":"https:\/\/oneroyal.news\/?page_id=22694"},"modified":"2025-11-12T08:16:29","modified_gmt":"2025-11-12T08:16:29","slug":"live-stream","status":"publish","type":"page","link":"https:\/\/oneroyal.news\/vi\/live-stream\/","title":{"rendered":"OneRoyal Tr\u1ef1c ti\u1ebfp"},"content":{"rendered":"<div data-elementor-type=\"wp-page\" data-elementor-id=\"22694\" class=\"elementor elementor-22694\" data-elementor-post-type=\"page\">\n\t\t\t\t<div class=\"elementor-element elementor-element-c38a73a e-flex e-con-boxed e-con e-parent\" data-id=\"c38a73a\" data-element_type=\"container\">\n\t\t\t\t\t<div class=\"e-con-inner\">\n\t\t<div class=\"elementor-element elementor-element-7b1756f e-con-full e-flex e-con e-child\" data-id=\"7b1756f\" data-element_type=\"container\">\n\t\t\t\t<div class=\"elementor-element elementor-element-e2c89ff elementor-widget elementor-widget-image\" data-id=\"e2c89ff\" data-element_type=\"widget\" data-widget_type=\"image.default\">\n\t\t\t\t<div class=\"elementor-widget-container\">\n\t\t\t\t\t\t\t\t\t\t\t\t\t\t\t<img fetchpriority=\"high\" decoding=\"async\" width=\"592\" height=\"370\" src=\"https:\/\/OneRoyal.news\/wp-content\/uploads\/2025\/06\/live-stream.png\" class=\"attachment-large size-large wp-image-23289\" alt=\"Ph\u00e1t tr\u1ef1c ti\u1ebfp\" srcset=\"https:\/\/OneRoyal.news\/wp-content\/uploads\/2025\/06\/live-stream.png 592w, https:\/\/OneRoyal.news\/wp-content\/uploads\/2025\/06\/live-stream-300x188.png 300w, https:\/\/OneRoyal.news\/wp-content\/uploads\/2025\/06\/live-stream-18x12.png 18w\" sizes=\"(max-width: 592px) 100vw, 592px\" \/>\t\t\t\t\t\t\t\t\t\t\t\t\t\t\t<\/div>\n\t\t\t\t<\/div>\n\t\t\t\t<\/div>\n\t\t<div class=\"elementor-element elementor-element-48438ec e-con-full e-flex e-con e-child\" data-id=\"48438ec\" data-element_type=\"container\">\n\t\t<div class=\"elementor-element elementor-element-b9381d5 e-con-full e-flex e-con e-child\" data-id=\"b9381d5\" data-element_type=\"container\">\n\t\t\t\t<div class=\"elementor-element elementor-element-e883274 elementor-widget__width-auto elementor-widget elementor-widget-heading\" data-id=\"e883274\" data-element_type=\"widget\" data-widget_type=\"heading.default\">\n\t\t\t\t<div class=\"elementor-widget-container\">\n\t\t\t\t\t<div class=\"elementor-heading-title elementor-size-default\"><a href=\"#live-stream-link\">\u2022 TR\u1ef0C TI\u1ebeP<\/a><\/div>\t\t\t\t<\/div>\n\t\t\t\t<\/div>\n\t\t\t\t<div class=\"elementor-element elementor-element-fa03d37 elementor-countdown--label-inline elementor-widget elementor-widget-countdown\" data-id=\"fa03d37\" data-element_type=\"widget\" data-widget_type=\"countdown.default\">\n\t\t\t\t<div class=\"elementor-widget-container\">\n\t\t\t\t\t\t\t<div data-expire-actions=\"[{&quot;type&quot;:&quot;hide&quot;}]\" class=\"elementor-countdown-wrapper\" data-date=\"1776985478\">\n\t\t\t<div class=\"elementor-countdown-item\"><span class=\"elementor-countdown-digits elementor-countdown-hours\"><\/span><\/div><div class=\"elementor-countdown-item\"><span class=\"elementor-countdown-digits elementor-countdown-minutes\"><\/span><\/div><div class=\"elementor-countdown-item\"><span class=\"elementor-countdown-digits elementor-countdown-seconds\"><\/span><\/div>\t\t<\/div>\n\t\t\t\t\t\t<\/div>\n\t\t\t\t<\/div>\n\t\t\t\t<\/div>\n\t\t\t\t<div class=\"elementor-element elementor-element-4ec69b2 elementor-widget elementor-widget-heading\" data-id=\"4ec69b2\" data-element_type=\"widget\" data-widget_type=\"heading.default\">\n\t\t\t\t<div class=\"elementor-widget-container\">\n\t\t\t\t\t<h1 class=\"elementor-heading-title elementor-size-default\">OneRoyal Live!: B\u00e1n c\u1ed5 phi\u1ebfu c\u1ee7a M\u1ef9!!!? X\u1ebfp h\u1ea1ng t\u00edn d\u1ee5ng c\u1ee7a Hoa K\u1ef3 b\u1ecb c\u1eaft gi\u1ea3m!<\/h1>\t\t\t\t<\/div>\n\t\t\t\t<\/div>\n\t\t\t\t<div class=\"elementor-element elementor-element-dd41e95 elementor-widget elementor-widget-text-editor\" data-id=\"dd41e95\" data-element_type=\"widget\" data-widget_type=\"text-editor.default\">\n\t\t\t\t<div class=\"elementor-widget-container\">\n\t\t\t\t\t\t\t\t\tSau khi Moody&#039;s h\u1ea1 x\u1ebfp h\u1ea1ng t\u00edn d\u1ee5ng c\u1ee7a Hoa K\u1ef3, h\u00e3y tham gia c\u00f9ng James khi \u00f4ng th\u1ea3o lu\u1eadn v\u1ec1 t\u00e1c \u0111\u1ed9ng l\u00ean th\u1ecb tr\u01b0\u1eddng v\u00e0 \u00fd ngh\u0129a c\u1ee7a n\u00f3 trong t\u01b0\u01a1ng lai. Th\u00eam v\u00e0o \u0111\u00f3, h\u00e3y t\u00ecm hi\u1ec3u c\u00e1ch th\u1ecb tr\u01b0\u1eddng b\u1eaft \u0111\u1ea7u t\u1eadp trung v\u00e0o vi\u1ec7c \u0111\u1ebfm ng\u01b0\u1ee3c \u0111\u1ec3 ho\u00e0n t\u1ea5t c\u00e1c th\u1ecfa thu\u1eadn th\u01b0\u01a1ng m\u1ea1i quan tr\u1ecdng. Tuy\u00ean b\u1ed1 mi\u1ec5n tr\u1eeb r\u1ee7i ro: Th\u00f4ng tin n\u00e0y ch\u1ec9 nh\u1eb1m m\u1ee5c \u0111\u00edch gi\u00e1o d\u1ee5c v\u00e0 kh\u00f4ng c\u1ea5u th\u00e0nh l\u1eddi khuy\u00ean \u0111\u1ea7u t\u01b0. Th\u1ecb tr\u01b0\u1eddng t\u00e0i ch\u00ednh li\u00ean quan \u0111\u1ebfn r\u1ee7i ro v\u00e0 hi\u1ec7u su\u1ea5t trong qu\u00e1 kh\u1ee9 kh\u00f4ng ch\u1ec9 ra k\u1ebft qu\u1ea3 trong t\u01b0\u01a1ng lai. Lu\u00f4n t\u1ef1 ti\u1ebfn h\u00e0nh nghi\u00ean c\u1ee9u v\u00e0 t\u00ecm ki\u1ebfm l\u1eddi khuy\u00ean chuy\u00ean nghi\u1ec7p tr\u01b0\u1edbc khi \u0111\u01b0a ra quy\u1ebft \u0111\u1ecbnh \u0111\u1ea7u t\u01b0.\t\t\t\t\t\t\t\t<\/div>\n\t\t\t\t<\/div>\n\t\t\t\t<\/div>\n\t\t\t\t\t<\/div>\n\t\t\t\t<\/div>\n\t\t<div class=\"elementor-element elementor-element-3230ae7 live-stream-link e-flex e-con-boxed e-con e-parent\" data-id=\"3230ae7\" data-element_type=\"container\" id=\"live-stream-link\">\n\t\t\t\t\t<div class=\"e-con-inner\">\n\t\t\t\t<div class=\"elementor-element elementor-element-a3958ba elementor-widget elementor-widget-html\" data-id=\"a3958ba\" data-element_type=\"widget\" data-widget_type=\"html.default\">\n\t\t\t\t<div class=\"elementor-widget-container\">\n\t\t\t\t\t<div class=\"ls-iframe\"><iframe width=\"560\" height=\"315\" src=\"https:\/\/www.youtube.com\/embed\/bsP-eymDPpU?si=C3TUd6DP_zDpcCHP\" title=\"Tr\u00ecnh ph\u00e1t video YouTube\" frameborder=\"0\" allow=\"accelerometer; autoplay; clipboard-write; encrypted-media; gyroscope; picture-in-picture; web-share\" referrerpolicy=\"strict-origin-when-cross-origin\" allowfullscreen><\/iframe><\/div>\t\t\t\t<\/div>\n\t\t\t\t<\/div>\n\t\t\t\t\t<\/div>\n\t\t\t\t<\/div>\n\t\t\t\t<\/div>","protected":false},"excerpt":{"rendered":"<p>\u2022 TR\u1ef0C TI\u1ebeP<\/p>","protected":false},"author":3,"featured_media":0,"parent":0,"menu_order":0,"comment_status":"closed","ping_status":"closed","template":"","meta":{"_acf_changed":false,"inline_featured_image":false,"footnotes":""},"class_list":["post-22694","page","type-page","status-publish","hentry"],"acf":[],"yoast_head":"<!-- This site is optimized with the Yoast SEO plugin v26.6 - https:\/\/yoast.com\/wordpress\/plugins\/seo\/ -->\n<title>OneRoyal Live - OneRoyal News<\/title>\n<meta name=\"robots\" content=\"index, follow, max-snippet:-1, max-image-preview:large, max-video-preview:-1\" \/>\n<link rel=\"canonical\" href=\"https:\/\/oneroyal.news\/vi\/live-stream\/\" \/>\n<meta property=\"og:locale\" content=\"vi_VN\" \/>\n<meta property=\"og:type\" content=\"article\" \/>\n<meta property=\"og:title\" content=\"OneRoyal Live - OneRoyal News\" \/>\n<meta property=\"og:description\" content=\"\u2022 LIVE STREAMING\" \/>\n<meta property=\"og:url\" content=\"https:\/\/oneroyal.news\/vi\/live-stream\/\" \/>\n<meta property=\"og:site_name\" content=\"OneRoyal News\" \/>\n<meta property=\"article:modified_time\" content=\"2025-11-12T08:16:29+00:00\" \/>\n<meta name=\"twitter:card\" content=\"summary_large_image\" \/>\n<meta name=\"twitter:label1\" content=\"\u01af\u1edbc t\u00ednh th\u1eddi gian \u0111\u1ecdc\" \/>\n\t<meta name=\"twitter:data1\" content=\"1 ph\u00fat\" \/>\n<script type=\"application\/ld+json\" class=\"yoast-schema-graph\">{\"@context\":\"https:\/\/schema.org\",\"@graph\":[{\"@type\":\"WebPage\",\"@id\":\"https:\/\/oneroyal.news\/ar\/live-stream\/\",\"url\":\"https:\/\/oneroyal.news\/ar\/live-stream\/\",\"name\":\"OneRoyal Live - OneRoyal News\",\"isPartOf\":{\"@id\":\"https:\/\/oneroyal.news\/ms\/#website\"},\"datePublished\":\"2025-04-11T13:34:17+00:00\",\"dateModified\":\"2025-11-12T08:16:29+00:00\",\"breadcrumb\":{\"@id\":\"https:\/\/oneroyal.news\/ar\/live-stream\/#breadcrumb\"},\"inLanguage\":\"vi\",\"potentialAction\":[{\"@type\":\"ReadAction\",\"target\":[\"https:\/\/oneroyal.news\/ar\/live-stream\/\"]}]},{\"@type\":\"BreadcrumbList\",\"@id\":\"https:\/\/oneroyal.news\/ar\/live-stream\/#breadcrumb\",\"itemListElement\":[{\"@type\":\"ListItem\",\"position\":1,\"name\":\"Home\",\"item\":\"https:\/\/oneroyal.news\/ms\/\"},{\"@type\":\"ListItem\",\"position\":2,\"name\":\"OneRoyal Live\"}]},{\"@type\":\"WebSite\",\"@id\":\"https:\/\/oneroyal.news\/ms\/#website\",\"url\":\"https:\/\/oneroyal.news\/ms\/\",\"name\":\"OneRoyal News\",\"description\":\"\",\"publisher\":{\"@id\":\"https:\/\/oneroyal.news\/ms\/#organization\"},\"potentialAction\":[{\"@type\":\"SearchAction\",\"target\":{\"@type\":\"EntryPoint\",\"urlTemplate\":\"https:\/\/oneroyal.news\/ms\/?s={search_term_string}\"},\"query-input\":{\"@type\":\"PropertyValueSpecification\",\"valueRequired\":true,\"valueName\":\"search_term_string\"}}],\"inLanguage\":\"vi\"},{\"@type\":\"Organization\",\"@id\":\"https:\/\/oneroyal.news\/ms\/#organization\",\"name\":\"OneRoyal News\",\"url\":\"https:\/\/oneroyal.news\/ms\/\",\"logo\":{\"@type\":\"ImageObject\",\"inLanguage\":\"vi\",\"@id\":\"https:\/\/oneroyal.news\/ms\/#\/schema\/logo\/image\/\",\"url\":\"https:\/\/oneroyal.news\/wp-content\/uploads\/2025\/01\/OR-logo.svg\",\"contentUrl\":\"https:\/\/oneroyal.news\/wp-content\/uploads\/2025\/01\/OR-logo.svg\",\"width\":123,\"height\":18,\"caption\":\"OneRoyal News\"},\"image\":{\"@id\":\"https:\/\/oneroyal.news\/ms\/#\/schema\/logo\/image\/\"}}]}<\/script>\n<!-- \/ Yoast SEO plugin. -->","yoast_head_json":{"title":"OneRoyal Live - Tin t\u1ee9c OneRoyal","robots":{"index":"index","follow":"follow","max-snippet":"max-snippet:-1","max-image-preview":"max-image-preview:large","max-video-preview":"max-video-preview:-1"},"canonical":"https:\/\/oneroyal.news\/vi\/live-stream\/","og_locale":"vi_VN","og_type":"article","og_title":"OneRoyal Live - OneRoyal News","og_description":"\u2022 LIVE STREAMING","og_url":"https:\/\/oneroyal.news\/vi\/live-stream\/","og_site_name":"OneRoyal News","article_modified_time":"2025-11-12T08:16:29+00:00","twitter_card":"summary_large_image","twitter_misc":{"\u01af\u1edbc t\u00ednh th\u1eddi gian \u0111\u1ecdc":"1 ph\u00fat"},"schema":{"@context":"https:\/\/schema.org","@graph":[{"@type":"WebPage","@id":"https:\/\/oneroyal.news\/ar\/live-stream\/","url":"https:\/\/oneroyal.news\/ar\/live-stream\/","name":"OneRoyal Live - Tin t\u1ee9c OneRoyal","isPartOf":{"@id":"https:\/\/oneroyal.news\/ms\/#website"},"datePublished":"2025-04-11T13:34:17+00:00","dateModified":"2025-11-12T08:16:29+00:00","breadcrumb":{"@id":"https:\/\/oneroyal.news\/ar\/live-stream\/#breadcrumb"},"inLanguage":"vi","potentialAction":[{"@type":"ReadAction","target":["https:\/\/oneroyal.news\/ar\/live-stream\/"]}]},{"@type":"BreadcrumbList","@id":"https:\/\/oneroyal.news\/ar\/live-stream\/#breadcrumb","itemListElement":[{"@type":"ListItem","position":1,"name":"Home","item":"https:\/\/oneroyal.news\/ms\/"},{"@type":"ListItem","position":2,"name":"OneRoyal Live"}]},{"@type":"WebSite","@id":"https:\/\/oneroyal.news\/ms\/#website","url":"https:\/\/oneroyal.news\/ms\/","name":"Tin t\u1ee9c OneRoyal","description":"","publisher":{"@id":"https:\/\/oneroyal.news\/ms\/#organization"},"potentialAction":[{"@type":"SearchAction","target":{"@type":"EntryPoint","urlTemplate":"https:\/\/oneroyal.news\/ms\/?s={search_term_string}"},"query-input":{"@type":"PropertyValueSpecification","valueRequired":true,"valueName":"search_term_string"}}],"inLanguage":"vi"},{"@type":"Organization","@id":"https:\/\/oneroyal.news\/ms\/#organization","name":"Tin t\u1ee9c OneRoyal","url":"https:\/\/oneroyal.news\/ms\/","logo":{"@type":"ImageObject","inLanguage":"vi","@id":"https:\/\/oneroyal.news\/ms\/#\/schema\/logo\/image\/","url":"https:\/\/oneroyal.news\/wp-content\/uploads\/2025\/01\/OR-logo.svg","contentUrl":"https:\/\/oneroyal.news\/wp-content\/uploads\/2025\/01\/OR-logo.svg","width":123,"height":18,"caption":"OneRoyal News"},"image":{"@id":"https:\/\/oneroyal.news\/ms\/#\/schema\/logo\/image\/"}}]}},"_links":{"self":[{"href":"https:\/\/oneroyal.news\/vi\/wp-json\/wp\/v2\/pages\/22694","targetHints":{"allow":["GET"]}}],"collection":[{"href":"https:\/\/oneroyal.news\/vi\/wp-json\/wp\/v2\/pages"}],"about":[{"href":"https:\/\/oneroyal.news\/vi\/wp-json\/wp\/v2\/types\/page"}],"author":[{"embeddable":true,"href":"https:\/\/oneroyal.news\/vi\/wp-json\/wp\/v2\/users\/3"}],"replies":[{"embeddable":true,"href":"https:\/\/oneroyal.news\/vi\/wp-json\/wp\/v2\/comments?post=22694"}],"version-history":[{"count":86,"href":"https:\/\/oneroyal.news\/vi\/wp-json\/wp\/v2\/pages\/22694\/revisions"}],"predecessor-version":[{"id":23638,"href":"https:\/\/oneroyal.news\/vi\/wp-json\/wp\/v2\/pages\/22694\/revisions\/23638"}],"wp:attachment":[{"href":"https:\/\/oneroyal.news\/vi\/wp-json\/wp\/v2\/media?parent=22694"}],"curies":[{"name":"wp","href":"https:\/\/api.w.org\/{rel}","templated":true}]}}