{"id":248,"date":"2025-03-28T11:04:54","date_gmt":"2025-03-28T11:04:54","guid":{"rendered":"https:\/\/oneroyal.news\/?page_id=248"},"modified":"2026-04-02T08:08:29","modified_gmt":"2026-04-02T08:08:29","slug":"cfd-expiry-dates","status":"publish","type":"page","link":"https:\/\/oneroyal.news\/pt\/cfd-expiry-dates\/","title":{"rendered":"Datas de expira\u00e7\u00e3o de CFDs"},"content":{"rendered":"<div data-elementor-type=\"wp-page\" data-elementor-id=\"248\" class=\"elementor elementor-248\" data-elementor-post-type=\"page\">\n\t\t\t\t<div class=\"elementor-element elementor-element-cc55fe8 hero-black-centered e-flex e-con-boxed e-con e-parent\" data-id=\"cc55fe8\" data-element_type=\"container\" data-settings=\"{&quot;background_background&quot;:&quot;classic&quot;}\">\n\t\t\t\t\t<div class=\"e-con-inner\">\n\t\t\t\t<div class=\"elementor-element elementor-element-5f22efd elementor-widget elementor-widget-template\" data-id=\"5f22efd\" data-element_type=\"widget\" data-widget_type=\"template.default\">\n\t\t\t\t<div class=\"elementor-widget-container\">\n\t\t\t\t\t\t\t<div class=\"elementor-template\">\n\t\t\t\t\t<div data-elementor-type=\"section\" data-elementor-id=\"250\" class=\"elementor elementor-250\" data-elementor-post-type=\"elementor_library\">\n\t\t\t<div class=\"elementor-element elementor-element-744359a e-flex e-con-boxed e-con e-child\" data-id=\"744359a\" data-element_type=\"container\">\n\t\t\t\t\t<div class=\"e-con-inner\">\n\t\t\t\t<div class=\"elementor-element elementor-element-2642371 t-60 elementor-widget elementor-widget-heading\" data-id=\"2642371\" data-element_type=\"widget\" data-widget_type=\"heading.default\">\n\t\t\t\t<div class=\"elementor-widget-container\">\n\t\t\t\t\t<h1 class=\"elementor-heading-title elementor-size-default\">Datas de expira\u00e7\u00e3o dos CFDs da OneRoyal<\/h1>\t\t\t\t<\/div>\n\t\t\t\t<\/div>\n\t\t\t\t<div class=\"elementor-element elementor-element-9a26799 t-18 elementor-widget elementor-widget-heading\" data-id=\"9a26799\" data-element_type=\"widget\" data-widget_type=\"heading.default\">\n\t\t\t\t<div class=\"elementor-widget-container\">\n\t\t\t\t\t<p class=\"elementor-heading-title elementor-size-default\">Mantenha-se a par dos calend\u00e1rios de negocia\u00e7\u00e3o de CFD e das datas de expira\u00e7\u00e3o para tirar o m\u00e1ximo partido dos movimentos do mercado.<\/p>\t\t\t\t<\/div>\n\t\t\t\t<\/div>\n\t\t\t\t\t<\/div>\n\t\t\t\t<\/div>\n\t\t\t\t<\/div>\n\t\t\t\t<\/div>\n\t\t\t\t\t\t<\/div>\n\t\t\t\t<\/div>\n\t\t\t\t\t<\/div>\n\t\t\t\t<\/div>\n\t\t<div class=\"elementor-element elementor-element-38d53a1 e-con-full image-text-bloc-2c-container e-flex e-con e-parent\" data-id=\"38d53a1\" data-element_type=\"container\">\n\t\t\t\t<div class=\"elementor-element elementor-element-6d5cc5d elementor-widget elementor-widget-template\" data-id=\"6d5cc5d\" data-element_type=\"widget\" data-widget_type=\"template.default\">\n\t\t\t\t<div class=\"elementor-widget-container\">\n\t\t\t\t\t\t\t<div class=\"elementor-template\">\n\t\t\t\t\t<div data-elementor-type=\"section\" data-elementor-id=\"287\" class=\"elementor elementor-287\" data-elementor-post-type=\"elementor_library\">\n\t\t\t<div class=\"elementor-element elementor-element-6dd68fd image-text-bloc-2c e-flex e-con-boxed e-con e-parent\" data-id=\"6dd68fd\" data-element_type=\"container\">\n\t\t\t\t\t<div class=\"e-con-inner\">\n\t\t<div class=\"elementor-element elementor-element-7040e27 e-con-full e-flex e-con e-child\" data-id=\"7040e27\" data-element_type=\"container\" data-settings=\"{&quot;background_background&quot;:&quot;classic&quot;}\">\n\t\t\t\t<\/div>\n\t\t<div class=\"elementor-element elementor-element-af7f1f6 e-con-full e-flex e-con e-child\" data-id=\"af7f1f6\" data-element_type=\"container\">\n\t\t\t\t<div class=\"elementor-element elementor-element-17f2924 t-36 elementor-widget elementor-widget-heading\" data-id=\"17f2924\" data-element_type=\"widget\" data-widget_type=\"heading.default\">\n\t\t\t\t<div class=\"elementor-widget-container\">\n\t\t\t\t\t<h2 class=\"elementor-heading-title elementor-size-default\">Calend\u00e1rio de negocia\u00e7\u00e3o de CFDs e pr\u00f3ximas datas de expira\u00e7\u00e3o<\/h2>\t\t\t\t<\/div>\n\t\t\t\t<\/div>\n\t\t\t\t<div class=\"elementor-element elementor-element-03e4ee0 t-18 elementor-widget elementor-widget-heading\" data-id=\"03e4ee0\" data-element_type=\"widget\" data-widget_type=\"heading.default\">\n\t\t\t\t<div class=\"elementor-widget-container\">\n\t\t\t\t\t<p class=\"elementor-heading-title elementor-size-default\"><p>Mantenha-se informado sobre todas as pr\u00f3ximas datas de expira\u00e7\u00e3o de produtos, incluindo expira\u00e7\u00f5es de CFD sobre forex, mercadorias, \u00edndices e muito mais. Manter-se atento \u00e0s \u00faltimas regras do mercado de CFD e \u00e0s informa\u00e7\u00f5es de negocia\u00e7\u00e3o pode ajud\u00e1-lo a planear o seu calend\u00e1rio de negocia\u00e7\u00e3o para captar os movimentos do mercado.<\/p>\n<\/p>\t\t\t\t<\/div>\n\t\t\t\t<\/div>\n\t\t\t\t<\/div>\n\t\t\t\t\t<\/div>\n\t\t\t\t<\/div>\n\t\t\t\t<\/div>\n\t\t\t\t<\/div>\n\t\t\t\t\t\t<\/div>\n\t\t\t\t<\/div>\n\t\t\t\t<\/div>\n\t\t<div class=\"elementor-element elementor-element-664e8d1 e-con-full blog-section-container e-flex e-con e-parent\" data-id=\"664e8d1\" data-element_type=\"container\">\n\t\t<div class=\"elementor-element elementor-element-399e1a1 blog-section-wrapper e-flex e-con-boxed e-con e-child\" data-id=\"399e1a1\" data-element_type=\"container\">\n\t\t\t\t\t<div class=\"e-con-inner\">\n\t\t\t\t<div class=\"elementor-element elementor-element-934ad99 blog-section-title elementor-widget elementor-widget-heading\" data-id=\"934ad99\" data-element_type=\"widget\" data-widget_type=\"heading.default\">\n\t\t\t\t<div class=\"elementor-widget-container\">\n\t\t\t\t\t<h2 class=\"elementor-heading-title elementor-size-default\">Planeie as suas transac\u00e7\u00f5es com as \u00faltimas actualiza\u00e7\u00f5es sobre as datas de expira\u00e7\u00e3o de CFD da OneRoyal\u00a0<\/h2>\t\t\t\t<\/div>\n\t\t\t\t<\/div>\n\t\t\t\t<div class=\"elementor-element elementor-element-569b45f elementor-widget elementor-widget-shortcode\" data-id=\"569b45f\" data-element_type=\"widget\" data-widget_type=\"shortcode.default\">\n\t\t\t\t<div class=\"elementor-widget-container\">\n\t\t\t\t\t\t\t<div class=\"elementor-shortcode\"><div class=\"cfd-table-desktop\"><div class=\"thead\"><div class=\"tr\"><div class=\"td\">S\u00edmbolo<\/div><div class=\"td\">M\u00eas<\/div><div class=\"td\">Tempo<\/div><div class=\"td\">Data de expira\u00e7\u00e3o<\/div><div class=\"td\">Novo s\u00edmbolo<\/div><div class=\"td\">M\u00eas<\/div><\/div><\/div><div class=\"tbody\"><div class=\"tr\"><div class=\"td\">CT.K6<\/div><div class=\"td\">maio<\/div><div class=\"td\">20:00<\/div><div class=\"td\">Sexta-feira, 3 de abril de 2026<\/div><div class=\"td\">CT.N6<\/div><div class=\"td\">julho<\/div><\/div><div class=\"tr\"><div class=\"td\">KC.K6<\/div><div class=\"td\">maio<\/div><div class=\"td\">20:00<\/div><div class=\"td\">Quinta-feira, 9 de abril de 2026<\/div><div class=\"td\">KC.N6<\/div><div class=\"td\">julho<\/div><\/div><div class=\"tr\"><div class=\"td\">CC.K6<\/div><div class=\"td\">maio<\/div><div class=\"td\">20:00<\/div><div class=\"td\">Quinta-feira, 9 de abril de 2026<\/div><div class=\"td\">CC.N6<\/div><div class=\"td\">julho<\/div><\/div><div class=\"tr\"><div class=\"td\">FRA40.J6<\/div><div class=\"td\">abril<\/div><div class=\"td\">20:00<\/div><div class=\"td\">Quarta-feira, 15 de abril de 2026<\/div><div class=\"td\">FRA40.K6<\/div><div class=\"td\">maio<\/div><\/div><div class=\"tr\"><div class=\"td\">SB.K6<\/div><div class=\"td\">maio<\/div><div class=\"td\">20:00<\/div><div class=\"td\">Quarta-feira, 15 de abril de 2026<\/div><div class=\"td\">SB.N6<\/div><div class=\"td\">julho<\/div><\/div><div class=\"tr\"><div class=\"td\">CL.K6<\/div><div class=\"td\">maio<\/div><div class=\"td\">20:00<\/div><div class=\"td\">Quinta-feira, 16 de abril de 2026<\/div><div class=\"td\">CL.M6<\/div><div class=\"td\">junho<\/div><\/div><div class=\"tr\"><div class=\"td\">HG.K6<\/div><div class=\"td\">maio<\/div><div class=\"td\">20:00<\/div><div class=\"td\">Quinta-feira, 16 de abril de 2026<\/div><div class=\"td\">HG.N6<\/div><div class=\"td\">julho<\/div><\/div><div class=\"tr\"><div class=\"td\">NG.K6<\/div><div class=\"td\">maio<\/div><div class=\"td\">20:00<\/div><div class=\"td\">Quarta-feira, 22 de abril de 2026<\/div><div class=\"td\">NG.M6<\/div><div class=\"td\">junho<\/div><\/div><div class=\"tr\"><div class=\"td\">LRC.K6<\/div><div class=\"td\">maio<\/div><div class=\"td\">20:00<\/div><div class=\"td\">Quinta-feira, 23 de abril de 2026<\/div><div class=\"td\">LRC.N6<\/div><div class=\"td\">julho<\/div><\/div><div class=\"tr\"><div class=\"td\">BRN.M6<\/div><div class=\"td\">junho<\/div><div class=\"td\">20:00<\/div><div class=\"td\">Segunda-feira, 27 de abril de 2026<\/div><div class=\"td\">BRN.N6<\/div><div class=\"td\">julho<\/div><\/div><div class=\"tr\"><div class=\"td\">SI.K6<\/div><div class=\"td\">maio<\/div><div class=\"td\">20:00<\/div><div class=\"td\">Segunda-feira, 27 de abril de 2026<\/div><div class=\"td\">SI.N6<\/div><div class=\"td\">julho<\/div><\/div><div class=\"tr\"><div class=\"td\">LCC.K6<\/div><div class=\"td\">maio<\/div><div class=\"td\">20:00<\/div><div class=\"td\">Ter\u00e7a-feira, 28 de abril de 2026<\/div><div class=\"td\">LCC.N6<\/div><div class=\"td\">julho<\/div><\/div><\/div><\/div><div class=\"cfd-table-mobile\"><div class=\"thead\"><div class=\"tr\"><div class=\"td\">S\u00edmbolo<\/div><div class=\"td\">CT.K6<\/div><\/div><\/div><div class=\"tbody\"><div class=\"tr\"><div class=\"td\">M\u00eas<\/div><div class=\"td\">maio<\/div><\/div><div class=\"tr\"><div class=\"td\">Tempo<\/div><div class=\"td\">20:00<\/div><\/div><div class=\"tr\"><div class=\"td\">Data de expira\u00e7\u00e3o<\/div><div class=\"td\">Sexta-feira, 3 de abril de 2026<\/div><\/div><div class=\"tr\"><div class=\"td\">Novo s\u00edmbolo<\/div><div class=\"td\">CT.N6<\/div><\/div><div class=\"tr\"><div class=\"td\">M\u00eas<\/div><div class=\"td\">julho<\/div><\/div><\/div><\/div><div class=\"cfd-table-mobile\"><div class=\"thead\"><div class=\"tr\"><div class=\"td\">S\u00edmbolo<\/div><div class=\"td\">KC.K6<\/div><\/div><\/div><div class=\"tbody\"><div class=\"tr\"><div class=\"td\">M\u00eas<\/div><div class=\"td\">maio<\/div><\/div><div class=\"tr\"><div class=\"td\">Tempo<\/div><div class=\"td\">20:00<\/div><\/div><div class=\"tr\"><div class=\"td\">Data de expira\u00e7\u00e3o<\/div><div class=\"td\">Quinta-feira, 9 de abril de 2026<\/div><\/div><div class=\"tr\"><div class=\"td\">Novo s\u00edmbolo<\/div><div class=\"td\">KC.N6<\/div><\/div><div class=\"tr\"><div class=\"td\">M\u00eas<\/div><div class=\"td\">julho<\/div><\/div><\/div><\/div><div class=\"cfd-table-mobile\"><div class=\"thead\"><div class=\"tr\"><div class=\"td\">S\u00edmbolo<\/div><div class=\"td\">CC.K6<\/div><\/div><\/div><div class=\"tbody\"><div class=\"tr\"><div class=\"td\">M\u00eas<\/div><div class=\"td\">maio<\/div><\/div><div class=\"tr\"><div class=\"td\">Tempo<\/div><div class=\"td\">20:00<\/div><\/div><div class=\"tr\"><div class=\"td\">Data de expira\u00e7\u00e3o<\/div><div class=\"td\">Quinta-feira, 9 de abril de 2026<\/div><\/div><div class=\"tr\"><div class=\"td\">Novo s\u00edmbolo<\/div><div class=\"td\">CC.N6<\/div><\/div><div class=\"tr\"><div class=\"td\">M\u00eas<\/div><div class=\"td\">julho<\/div><\/div><\/div><\/div><div class=\"cfd-table-mobile\"><div class=\"thead\"><div class=\"tr\"><div class=\"td\">S\u00edmbolo<\/div><div class=\"td\">FRA40.J6<\/div><\/div><\/div><div class=\"tbody\"><div class=\"tr\"><div class=\"td\">M\u00eas<\/div><div class=\"td\">abril<\/div><\/div><div class=\"tr\"><div class=\"td\">Tempo<\/div><div class=\"td\">20:00<\/div><\/div><div class=\"tr\"><div class=\"td\">Data de expira\u00e7\u00e3o<\/div><div class=\"td\">Quarta-feira, 15 de abril de 2026<\/div><\/div><div class=\"tr\"><div class=\"td\">Novo s\u00edmbolo<\/div><div class=\"td\">FRA40.K6<\/div><\/div><div class=\"tr\"><div class=\"td\">M\u00eas<\/div><div class=\"td\">maio<\/div><\/div><\/div><\/div><div class=\"cfd-table-mobile\"><div class=\"thead\"><div class=\"tr\"><div class=\"td\">S\u00edmbolo<\/div><div class=\"td\">SB.K6<\/div><\/div><\/div><div class=\"tbody\"><div class=\"tr\"><div class=\"td\">M\u00eas<\/div><div class=\"td\">maio<\/div><\/div><div class=\"tr\"><div class=\"td\">Tempo<\/div><div class=\"td\">20:00<\/div><\/div><div class=\"tr\"><div class=\"td\">Data de expira\u00e7\u00e3o<\/div><div class=\"td\">Quarta-feira, 15 de abril de 2026<\/div><\/div><div class=\"tr\"><div class=\"td\">Novo s\u00edmbolo<\/div><div class=\"td\">SB.N6<\/div><\/div><div class=\"tr\"><div class=\"td\">M\u00eas<\/div><div class=\"td\">julho<\/div><\/div><\/div><\/div><div class=\"cfd-table-mobile\"><div class=\"thead\"><div class=\"tr\"><div class=\"td\">S\u00edmbolo<\/div><div class=\"td\">CL.K6<\/div><\/div><\/div><div class=\"tbody\"><div class=\"tr\"><div class=\"td\">M\u00eas<\/div><div class=\"td\">maio<\/div><\/div><div class=\"tr\"><div class=\"td\">Tempo<\/div><div class=\"td\">20:00<\/div><\/div><div class=\"tr\"><div class=\"td\">Data de expira\u00e7\u00e3o<\/div><div class=\"td\">Quinta-feira, 16 de abril de 2026<\/div><\/div><div class=\"tr\"><div class=\"td\">Novo s\u00edmbolo<\/div><div class=\"td\">CL.M6<\/div><\/div><div class=\"tr\"><div class=\"td\">M\u00eas<\/div><div class=\"td\">junho<\/div><\/div><\/div><\/div><div class=\"cfd-table-mobile\"><div class=\"thead\"><div class=\"tr\"><div class=\"td\">S\u00edmbolo<\/div><div class=\"td\">HG.K6<\/div><\/div><\/div><div class=\"tbody\"><div class=\"tr\"><div class=\"td\">M\u00eas<\/div><div class=\"td\">maio<\/div><\/div><div class=\"tr\"><div class=\"td\">Tempo<\/div><div class=\"td\">20:00<\/div><\/div><div class=\"tr\"><div class=\"td\">Data de expira\u00e7\u00e3o<\/div><div class=\"td\">Quinta-feira, 16 de abril de 2026<\/div><\/div><div class=\"tr\"><div class=\"td\">Novo s\u00edmbolo<\/div><div class=\"td\">HG.N6<\/div><\/div><div class=\"tr\"><div class=\"td\">M\u00eas<\/div><div class=\"td\">julho<\/div><\/div><\/div><\/div><div class=\"cfd-table-mobile\"><div class=\"thead\"><div class=\"tr\"><div class=\"td\">S\u00edmbolo<\/div><div class=\"td\">NG.K6<\/div><\/div><\/div><div class=\"tbody\"><div class=\"tr\"><div class=\"td\">M\u00eas<\/div><div class=\"td\">maio<\/div><\/div><div class=\"tr\"><div class=\"td\">Tempo<\/div><div class=\"td\">20:00<\/div><\/div><div class=\"tr\"><div class=\"td\">Data de expira\u00e7\u00e3o<\/div><div class=\"td\">Quarta-feira, 22 de abril de 2026<\/div><\/div><div class=\"tr\"><div class=\"td\">Novo s\u00edmbolo<\/div><div class=\"td\">NG.M6<\/div><\/div><div class=\"tr\"><div class=\"td\">M\u00eas<\/div><div class=\"td\">junho<\/div><\/div><\/div><\/div><div class=\"cfd-table-mobile\"><div class=\"thead\"><div class=\"tr\"><div class=\"td\">S\u00edmbolo<\/div><div class=\"td\">LRC.K6<\/div><\/div><\/div><div class=\"tbody\"><div class=\"tr\"><div class=\"td\">M\u00eas<\/div><div class=\"td\">maio<\/div><\/div><div class=\"tr\"><div class=\"td\">Tempo<\/div><div class=\"td\">20:00<\/div><\/div><div class=\"tr\"><div class=\"td\">Data de expira\u00e7\u00e3o<\/div><div class=\"td\">Quinta-feira, 23 de abril de 2026<\/div><\/div><div class=\"tr\"><div class=\"td\">Novo s\u00edmbolo<\/div><div class=\"td\">LRC.N6<\/div><\/div><div class=\"tr\"><div class=\"td\">M\u00eas<\/div><div class=\"td\">julho<\/div><\/div><\/div><\/div><div class=\"cfd-table-mobile\"><div class=\"thead\"><div class=\"tr\"><div class=\"td\">S\u00edmbolo<\/div><div class=\"td\">BRN.M6<\/div><\/div><\/div><div class=\"tbody\"><div class=\"tr\"><div class=\"td\">M\u00eas<\/div><div class=\"td\">junho<\/div><\/div><div class=\"tr\"><div class=\"td\">Tempo<\/div><div class=\"td\">20:00<\/div><\/div><div class=\"tr\"><div class=\"td\">Data de expira\u00e7\u00e3o<\/div><div class=\"td\">Segunda-feira, 27 de abril de 2026<\/div><\/div><div class=\"tr\"><div class=\"td\">Novo s\u00edmbolo<\/div><div class=\"td\">BRN.N6<\/div><\/div><div class=\"tr\"><div class=\"td\">M\u00eas<\/div><div class=\"td\">julho<\/div><\/div><\/div><\/div><div class=\"cfd-table-mobile\"><div class=\"thead\"><div class=\"tr\"><div class=\"td\">S\u00edmbolo<\/div><div class=\"td\">SI.K6<\/div><\/div><\/div><div class=\"tbody\"><div class=\"tr\"><div class=\"td\">M\u00eas<\/div><div class=\"td\">maio<\/div><\/div><div class=\"tr\"><div class=\"td\">Tempo<\/div><div class=\"td\">20:00<\/div><\/div><div class=\"tr\"><div class=\"td\">Data de expira\u00e7\u00e3o<\/div><div class=\"td\">Segunda-feira, 27 de abril de 2026<\/div><\/div><div class=\"tr\"><div class=\"td\">Novo s\u00edmbolo<\/div><div class=\"td\">SI.N6<\/div><\/div><div class=\"tr\"><div class=\"td\">M\u00eas<\/div><div class=\"td\">julho<\/div><\/div><\/div><\/div><div class=\"cfd-table-mobile\"><div class=\"thead\"><div class=\"tr\"><div class=\"td\">S\u00edmbolo<\/div><div class=\"td\">LCC.K6<\/div><\/div><\/div><div class=\"tbody\"><div class=\"tr\"><div class=\"td\">M\u00eas<\/div><div class=\"td\">maio<\/div><\/div><div class=\"tr\"><div class=\"td\">Tempo<\/div><div class=\"td\">20:00<\/div><\/div><div class=\"tr\"><div class=\"td\">Data de expira\u00e7\u00e3o<\/div><div class=\"td\">Ter\u00e7a-feira, 28 de abril de 2026<\/div><\/div><div class=\"tr\"><div class=\"td\">Novo s\u00edmbolo<\/div><div class=\"td\">LCC.N6<\/div><\/div><div class=\"tr\"><div class=\"td\">M\u00eas<\/div><div class=\"td\">julho<\/div><\/div><\/div><\/div><\/div>\n\t\t\t\t\t\t<\/div>\n\t\t\t\t<\/div>\n\t\t\t\t\t<\/div>\n\t\t\t\t<\/div>\n\t\t\t\t<\/div>\n\t\t<div class=\"elementor-element elementor-element-9987398 e-flex e-con-boxed e-con e-parent\" data-id=\"9987398\" data-element_type=\"container\">\n\t\t\t\t\t<div class=\"e-con-inner\">\n\t\t\t\t<div class=\"elementor-element elementor-element-081c575 elementor-widget elementor-widget-text-editor\" data-id=\"081c575\" data-element_type=\"widget\" data-widget_type=\"text-editor.default\">\n\t\t\t\t<div class=\"elementor-widget-container\">\n\t\t\t\t\t\t\t\t\t<p><span data-teams=\"true\">*Tenha em aten\u00e7\u00e3o que as horas s\u00e3o baseadas na hora MT4.<br \/><\/span><\/p>\t\t\t\t\t\t\t\t<\/div>\n\t\t\t\t<\/div>\n\t\t\t\t<div class=\"elementor-element elementor-element-55b8842 elementor-widget elementor-widget-text-editor\" data-id=\"55b8842\" data-element_type=\"widget\" data-widget_type=\"text-editor.default\">\n\t\t\t\t<div class=\"elementor-widget-container\">\n\t\t\t\t\t\t\t\t\t<p><span data-teams=\"true\">*Aten\u00e7\u00e3o: estes hor\u00e1rios est\u00e3o sujeitos a altera\u00e7\u00f5es. Se tiver alguma d\u00favida, contacte-nos conforme indicado abaixo.<\/span><\/p>\t\t\t\t\t\t\t\t<\/div>\n\t\t\t\t<\/div>\n\t\t\t\t\t<\/div>\n\t\t\t\t<\/div>\n\t\t\t\t<\/div>","protected":false},"excerpt":{"rendered":"<p>Planeie as suas transac\u00e7\u00f5es com as \u00faltimas actualiza\u00e7\u00f5es sobre as datas de expira\u00e7\u00e3o de CFDs do OneRoyal *Por favor, note que os hor\u00e1rios s\u00e3o baseados no hor\u00e1rio MT4. *Por favor, note que estes hor\u00e1rios est\u00e3o sujeitos a altera\u00e7\u00f5es, se tiver alguma d\u00favida, por favor contacte-nos conforme indicado abaixo.<\/p>","protected":false},"author":3,"featured_media":0,"parent":0,"menu_order":0,"comment_status":"closed","ping_status":"closed","template":"","meta":{"_acf_changed":false,"inline_featured_image":false,"footnotes":""},"class_list":["post-248","page","type-page","status-publish","hentry"],"acf":[],"yoast_head":"<!-- This site is optimized with the Yoast SEO plugin v26.6 - https:\/\/yoast.com\/wordpress\/plugins\/seo\/ -->\n<title>CFD Expiration Dates - OneRoyal News<\/title>\n<meta name=\"robots\" content=\"index, follow, max-snippet:-1, max-image-preview:large, max-video-preview:-1\" \/>\n<link rel=\"canonical\" href=\"https:\/\/oneroyal.news\/pt\/cfd-expiry-dates\/\" \/>\n<meta property=\"og:locale\" content=\"pt_PT\" \/>\n<meta property=\"og:type\" content=\"article\" \/>\n<meta property=\"og:title\" content=\"CFD Expiration Dates - OneRoyal News\" \/>\n<meta property=\"og:description\" content=\"Plan Your Trades with the Latest Updates on CFD Expiration Dates from OneRoyal *Please note that timings are based on MT4 Time. *Please note these times provided are subject to change, if you have any queries, please contact us as listed below.\" \/>\n<meta property=\"og:url\" content=\"https:\/\/oneroyal.news\/pt\/cfd-expiry-dates\/\" \/>\n<meta property=\"og:site_name\" content=\"OneRoyal News\" \/>\n<meta property=\"article:modified_time\" content=\"2026-04-02T08:08:29+00:00\" \/>\n<meta name=\"twitter:card\" content=\"summary_large_image\" \/>\n<meta name=\"twitter:label1\" content=\"Tempo estimado de leitura\" \/>\n\t<meta name=\"twitter:data1\" content=\"1 minuto\" \/>\n<script type=\"application\/ld+json\" class=\"yoast-schema-graph\">{\"@context\":\"https:\/\/schema.org\",\"@graph\":[{\"@type\":\"WebPage\",\"@id\":\"https:\/\/oneroyal.news\/pt\/cfd-expiry-dates\/\",\"url\":\"https:\/\/oneroyal.news\/pt\/cfd-expiry-dates\/\",\"name\":\"CFD Expiration Dates - OneRoyal News\",\"isPartOf\":{\"@id\":\"https:\/\/oneroyal.news\/ms\/#website\"},\"datePublished\":\"2025-03-28T11:04:54+00:00\",\"dateModified\":\"2026-04-02T08:08:29+00:00\",\"breadcrumb\":{\"@id\":\"https:\/\/oneroyal.news\/pt\/cfd-expiry-dates\/#breadcrumb\"},\"inLanguage\":\"pt-PT\",\"potentialAction\":[{\"@type\":\"ReadAction\",\"target\":[\"https:\/\/oneroyal.news\/pt\/cfd-expiry-dates\/\"]}]},{\"@type\":\"BreadcrumbList\",\"@id\":\"https:\/\/oneroyal.news\/pt\/cfd-expiry-dates\/#breadcrumb\",\"itemListElement\":[{\"@type\":\"ListItem\",\"position\":1,\"name\":\"Home\",\"item\":\"https:\/\/oneroyal.news\/ms\/\"},{\"@type\":\"ListItem\",\"position\":2,\"name\":\"CFD Expiration Dates\"}]},{\"@type\":\"WebSite\",\"@id\":\"https:\/\/oneroyal.news\/ms\/#website\",\"url\":\"https:\/\/oneroyal.news\/ms\/\",\"name\":\"OneRoyal News\",\"description\":\"\",\"publisher\":{\"@id\":\"https:\/\/oneroyal.news\/ms\/#organization\"},\"potentialAction\":[{\"@type\":\"SearchAction\",\"target\":{\"@type\":\"EntryPoint\",\"urlTemplate\":\"https:\/\/oneroyal.news\/ms\/?s={search_term_string}\"},\"query-input\":{\"@type\":\"PropertyValueSpecification\",\"valueRequired\":true,\"valueName\":\"search_term_string\"}}],\"inLanguage\":\"pt-PT\"},{\"@type\":\"Organization\",\"@id\":\"https:\/\/oneroyal.news\/ms\/#organization\",\"name\":\"OneRoyal News\",\"url\":\"https:\/\/oneroyal.news\/ms\/\",\"logo\":{\"@type\":\"ImageObject\",\"inLanguage\":\"pt-PT\",\"@id\":\"https:\/\/oneroyal.news\/ms\/#\/schema\/logo\/image\/\",\"url\":\"https:\/\/oneroyal.news\/wp-content\/uploads\/2025\/01\/OR-logo.svg\",\"contentUrl\":\"https:\/\/oneroyal.news\/wp-content\/uploads\/2025\/01\/OR-logo.svg\",\"width\":123,\"height\":18,\"caption\":\"OneRoyal News\"},\"image\":{\"@id\":\"https:\/\/oneroyal.news\/ms\/#\/schema\/logo\/image\/\"}}]}<\/script>\n<!-- \/ Yoast SEO plugin. -->","yoast_head_json":{"title":"Datas de expira\u00e7\u00e3o de CFDs - OneRoyal News","robots":{"index":"index","follow":"follow","max-snippet":"max-snippet:-1","max-image-preview":"max-image-preview:large","max-video-preview":"max-video-preview:-1"},"canonical":"https:\/\/oneroyal.news\/pt\/cfd-expiry-dates\/","og_locale":"pt_PT","og_type":"article","og_title":"CFD Expiration Dates - OneRoyal News","og_description":"Plan Your Trades with the Latest Updates on CFD Expiration Dates from OneRoyal *Please note that timings are based on MT4 Time. *Please note these times provided are subject to change, if you have any queries, please contact us as listed below.","og_url":"https:\/\/oneroyal.news\/pt\/cfd-expiry-dates\/","og_site_name":"OneRoyal News","article_modified_time":"2026-04-02T08:08:29+00:00","twitter_card":"summary_large_image","twitter_misc":{"Tempo estimado de leitura":"1 minuto"},"schema":{"@context":"https:\/\/schema.org","@graph":[{"@type":"WebPage","@id":"https:\/\/oneroyal.news\/pt\/cfd-expiry-dates\/","url":"https:\/\/oneroyal.news\/pt\/cfd-expiry-dates\/","name":"Datas de expira\u00e7\u00e3o de CFDs - OneRoyal News","isPartOf":{"@id":"https:\/\/oneroyal.news\/ms\/#website"},"datePublished":"2025-03-28T11:04:54+00:00","dateModified":"2026-04-02T08:08:29+00:00","breadcrumb":{"@id":"https:\/\/oneroyal.news\/pt\/cfd-expiry-dates\/#breadcrumb"},"inLanguage":"pt-PT","potentialAction":[{"@type":"ReadAction","target":["https:\/\/oneroyal.news\/pt\/cfd-expiry-dates\/"]}]},{"@type":"BreadcrumbList","@id":"https:\/\/oneroyal.news\/pt\/cfd-expiry-dates\/#breadcrumb","itemListElement":[{"@type":"ListItem","position":1,"name":"Home","item":"https:\/\/oneroyal.news\/ms\/"},{"@type":"ListItem","position":2,"name":"CFD Expiration Dates"}]},{"@type":"WebSite","@id":"https:\/\/oneroyal.news\/ms\/#website","url":"https:\/\/oneroyal.news\/ms\/","name":"Not\u00edcias OneRoyal","description":"","publisher":{"@id":"https:\/\/oneroyal.news\/ms\/#organization"},"potentialAction":[{"@type":"SearchAction","target":{"@type":"EntryPoint","urlTemplate":"https:\/\/oneroyal.news\/ms\/?s={search_term_string}"},"query-input":{"@type":"PropertyValueSpecification","valueRequired":true,"valueName":"search_term_string"}}],"inLanguage":"pt-PT"},{"@type":"Organization","@id":"https:\/\/oneroyal.news\/ms\/#organization","name":"Not\u00edcias OneRoyal","url":"https:\/\/oneroyal.news\/ms\/","logo":{"@type":"ImageObject","inLanguage":"pt-PT","@id":"https:\/\/oneroyal.news\/ms\/#\/schema\/logo\/image\/","url":"https:\/\/oneroyal.news\/wp-content\/uploads\/2025\/01\/OR-logo.svg","contentUrl":"https:\/\/oneroyal.news\/wp-content\/uploads\/2025\/01\/OR-logo.svg","width":123,"height":18,"caption":"OneRoyal News"},"image":{"@id":"https:\/\/oneroyal.news\/ms\/#\/schema\/logo\/image\/"}}]}},"_links":{"self":[{"href":"https:\/\/oneroyal.news\/pt\/wp-json\/wp\/v2\/pages\/248","targetHints":{"allow":["GET"]}}],"collection":[{"href":"https:\/\/oneroyal.news\/pt\/wp-json\/wp\/v2\/pages"}],"about":[{"href":"https:\/\/oneroyal.news\/pt\/wp-json\/wp\/v2\/types\/page"}],"author":[{"embeddable":true,"href":"https:\/\/oneroyal.news\/pt\/wp-json\/wp\/v2\/users\/3"}],"replies":[{"embeddable":true,"href":"https:\/\/oneroyal.news\/pt\/wp-json\/wp\/v2\/comments?post=248"}],"version-history":[{"count":55,"href":"https:\/\/oneroyal.news\/pt\/wp-json\/wp\/v2\/pages\/248\/revisions"}],"predecessor-version":[{"id":24542,"href":"https:\/\/oneroyal.news\/pt\/wp-json\/wp\/v2\/pages\/248\/revisions\/24542"}],"wp:attachment":[{"href":"https:\/\/oneroyal.news\/pt\/wp-json\/wp\/v2\/media?parent=248"}],"curies":[{"name":"wp","href":"https:\/\/api.w.org\/{rel}","templated":true}]}}