{"id":345,"date":"2025-03-28T14:23:31","date_gmt":"2025-03-28T14:23:31","guid":{"rendered":"https:\/\/oneroyal.news\/?page_id=345"},"modified":"2025-11-12T08:16:30","modified_gmt":"2025-11-12T08:16:30","slug":"trading-conditions","status":"publish","type":"page","link":"https:\/\/oneroyal.news\/es\/trading-conditions\/","title":{"rendered":"Condiciones comerciales"},"content":{"rendered":"<div data-elementor-type=\"wp-page\" data-elementor-id=\"345\" class=\"elementor elementor-345\" data-elementor-post-type=\"page\">\n\t\t\t\t<div class=\"elementor-element elementor-element-4475a0c hero-black-centered e-flex e-con-boxed e-con e-parent\" data-id=\"4475a0c\" data-element_type=\"container\" data-settings=\"{&quot;background_background&quot;:&quot;classic&quot;}\">\n\t\t\t\t\t<div class=\"e-con-inner\">\n\t\t\t\t<div class=\"elementor-element elementor-element-6672916 elementor-widget elementor-widget-template\" data-id=\"6672916\" data-element_type=\"widget\" data-widget_type=\"template.default\">\n\t\t\t\t<div class=\"elementor-widget-container\">\n\t\t\t\t\t\t\t<div class=\"elementor-template\">\n\t\t\t\t\t<div data-elementor-type=\"section\" data-elementor-id=\"250\" class=\"elementor elementor-250\" data-elementor-post-type=\"elementor_library\">\n\t\t\t<div class=\"elementor-element elementor-element-744359a e-flex e-con-boxed e-con e-child\" data-id=\"744359a\" data-element_type=\"container\">\n\t\t\t\t\t<div class=\"e-con-inner\">\n\t\t\t\t<div class=\"elementor-element elementor-element-2642371 t-60 elementor-widget elementor-widget-heading\" data-id=\"2642371\" data-element_type=\"widget\" data-widget_type=\"heading.default\">\n\t\t\t\t<div class=\"elementor-widget-container\">\n\t\t\t\t\t<h1 class=\"elementor-heading-title elementor-size-default\">Actualizaci\u00f3n de las condiciones comerciales de OneRoyal<\/h1>\t\t\t\t<\/div>\n\t\t\t\t<\/div>\n\t\t\t\t<div class=\"elementor-element elementor-element-9a26799 t-18 elementor-widget elementor-widget-heading\" data-id=\"9a26799\" data-element_type=\"widget\" data-widget_type=\"heading.default\">\n\t\t\t\t<div class=\"elementor-widget-container\">\n\t\t\t\t\t<p class=\"elementor-heading-title elementor-size-default\">Mant\u00e9ngase al d\u00eda de todos los d\u00edas festivos del mercado, vencimientos de CFD, calendarios de negociaci\u00f3n y horarios del mercado en un solo lugar.<\/p>\t\t\t\t<\/div>\n\t\t\t\t<\/div>\n\t\t\t\t\t<\/div>\n\t\t\t\t<\/div>\n\t\t\t\t<\/div>\n\t\t\t\t<\/div>\n\t\t\t\t\t\t<\/div>\n\t\t\t\t<\/div>\n\t\t\t\t\t<\/div>\n\t\t\t\t<\/div>\n\t\t<div class=\"elementor-element elementor-element-c0cbf44 e-con-full image-text-bloc-2c-container e-flex e-con e-parent\" data-id=\"c0cbf44\" data-element_type=\"container\">\n\t\t\t\t<div class=\"elementor-element elementor-element-cf72f91 elementor-widget elementor-widget-template\" data-id=\"cf72f91\" data-element_type=\"widget\" data-widget_type=\"template.default\">\n\t\t\t\t<div class=\"elementor-widget-container\">\n\t\t\t\t\t\t\t<div class=\"elementor-template\">\n\t\t\t\t\t<div data-elementor-type=\"section\" data-elementor-id=\"287\" class=\"elementor elementor-287\" data-elementor-post-type=\"elementor_library\">\n\t\t\t<div class=\"elementor-element elementor-element-6dd68fd image-text-bloc-2c e-flex e-con-boxed e-con e-parent\" data-id=\"6dd68fd\" data-element_type=\"container\">\n\t\t\t\t\t<div class=\"e-con-inner\">\n\t\t<div class=\"elementor-element elementor-element-7040e27 e-con-full e-flex e-con e-child\" data-id=\"7040e27\" data-element_type=\"container\" data-settings=\"{&quot;background_background&quot;:&quot;classic&quot;}\">\n\t\t\t\t<\/div>\n\t\t<div class=\"elementor-element elementor-element-af7f1f6 e-con-full e-flex e-con e-child\" data-id=\"af7f1f6\" data-element_type=\"container\">\n\t\t\t\t<div class=\"elementor-element elementor-element-17f2924 t-36 elementor-widget elementor-widget-heading\" data-id=\"17f2924\" data-element_type=\"widget\" data-widget_type=\"heading.default\">\n\t\t\t\t<div class=\"elementor-widget-container\">\n\t\t\t\t\t<h2 class=\"elementor-heading-title elementor-size-default\">Todas las actualizaciones comerciales en un solo lugar<\/h2>\t\t\t\t<\/div>\n\t\t\t\t<\/div>\n\t\t\t\t<div class=\"elementor-element elementor-element-03e4ee0 t-18 elementor-widget elementor-widget-heading\" data-id=\"03e4ee0\" data-element_type=\"widget\" data-widget_type=\"heading.default\">\n\t\t\t\t<div class=\"elementor-widget-container\">\n\t\t\t\t\t<p class=\"elementor-heading-title elementor-size-default\"><p>Tome decisiones informadas con la informaci\u00f3n m\u00e1s reciente sobre los d\u00edas festivos del mercado, los vencimientos de los CFD, las horas de mercado, los horarios de negociaci\u00f3n, los cambios en el mercado, las horas de negociaci\u00f3n en d\u00edas festivos y los cambios en las condiciones de negociaci\u00f3n.<\/p>\n<p>En OneRoyal, le ayudamos a estar preparado para los movimientos del mercado con las mejores condiciones de negociaci\u00f3n y actualizaciones en tiempo real.<\/p>\n<\/p>\t\t\t\t<\/div>\n\t\t\t\t<\/div>\n\t\t\t\t<\/div>\n\t\t\t\t\t<\/div>\n\t\t\t\t<\/div>\n\t\t\t\t<\/div>\n\t\t\t\t<\/div>\n\t\t\t\t\t\t<\/div>\n\t\t\t\t<\/div>\n\t\t\t\t<\/div>\n\t\t<div class=\"elementor-element elementor-element-5c30b41 e-flex e-con-boxed e-con e-parent\" data-id=\"5c30b41\" data-element_type=\"container\">\n\t\t\t\t\t<div class=\"e-con-inner\">\n\t\t<a class=\"elementor-element elementor-element-92e0e3e e-con-full e-flex e-con e-child\" data-id=\"92e0e3e\" data-element_type=\"container\" data-settings=\"{&quot;background_background&quot;:&quot;classic&quot;}\" href=\"\/es\/market-holidays\/\">\n\t\t<div class=\"elementor-element elementor-element-f721738 e-con-full e-flex e-con e-child\" data-id=\"f721738\" data-element_type=\"container\">\n\t\t\t\t<div class=\"elementor-element elementor-element-09656e3 elementor-widget elementor-widget-image\" data-id=\"09656e3\" data-element_type=\"widget\" data-widget_type=\"image.default\">\n\t\t\t\t<div class=\"elementor-widget-container\">\n\t\t\t\t\t\t\t\t\t\t\t\t\t\t\t<img fetchpriority=\"high\" decoding=\"async\" width=\"800\" height=\"880\" src=\"https:\/\/OneRoyal.news\/wp-content\/uploads\/2025\/06\/Vector-Stroke.svg\" class=\"attachment-large size-large wp-image-23640\" alt=\"\" \/>\t\t\t\t\t\t\t\t\t\t\t\t\t\t\t<\/div>\n\t\t\t\t<\/div>\n\t\t\t\t<div class=\"elementor-element elementor-element-d9b2fbf elementor-widget elementor-widget-heading\" data-id=\"d9b2fbf\" data-element_type=\"widget\" data-widget_type=\"heading.default\">\n\t\t\t\t<div class=\"elementor-widget-container\">\n\t\t\t\t\t<h4 class=\"elementor-heading-title elementor-size-default\">Vacaciones en el mercado<\/h4>\t\t\t\t<\/div>\n\t\t\t\t<\/div>\n\t\t\t\t<\/div>\n\t\t\t\t<div class=\"elementor-element elementor-element-7da9d0c elementor-widget elementor-widget-text-editor\" data-id=\"7da9d0c\" data-element_type=\"widget\" data-widget_type=\"text-editor.default\">\n\t\t\t\t<div class=\"elementor-widget-container\">\n\t\t\t\t\t\t\t\t\t<p>Compruebe el horario comercial durante los d\u00edas festivos mundiales.<\/p>\t\t\t\t\t\t\t\t<\/div>\n\t\t\t\t<\/div>\n\t\t\t\t<\/a>\n\t\t<a class=\"elementor-element elementor-element-598ac45 e-con-full e-flex e-con e-child\" data-id=\"598ac45\" data-element_type=\"container\" data-settings=\"{&quot;background_background&quot;:&quot;classic&quot;}\" href=\"\/es\/cfd-expiry-dates\/\">\n\t\t<div class=\"elementor-element elementor-element-27a599b e-con-full e-flex e-con e-child\" data-id=\"27a599b\" data-element_type=\"container\">\n\t\t\t\t<div class=\"elementor-element elementor-element-51c3e89 elementor-widget elementor-widget-image\" data-id=\"51c3e89\" data-element_type=\"widget\" data-widget_type=\"image.default\">\n\t\t\t\t<div class=\"elementor-widget-container\">\n\t\t\t\t\t\t\t\t\t\t\t\t\t\t\t<img fetchpriority=\"high\" decoding=\"async\" width=\"800\" height=\"880\" src=\"https:\/\/OneRoyal.news\/wp-content\/uploads\/2025\/06\/Vector-Stroke.svg\" class=\"attachment-large size-large wp-image-23640\" alt=\"\" \/>\t\t\t\t\t\t\t\t\t\t\t\t\t\t\t<\/div>\n\t\t\t\t<\/div>\n\t\t\t\t<div class=\"elementor-element elementor-element-441c48d elementor-widget elementor-widget-heading\" data-id=\"441c48d\" data-element_type=\"widget\" data-widget_type=\"heading.default\">\n\t\t\t\t<div class=\"elementor-widget-container\">\n\t\t\t\t\t<h4 class=\"elementor-heading-title elementor-size-default\">Vencimientos de CFD<\/h4>\t\t\t\t<\/div>\n\t\t\t\t<\/div>\n\t\t\t\t<\/div>\n\t\t\t\t<div class=\"elementor-element elementor-element-3bf8e62 elementor-widget elementor-widget-text-editor\" data-id=\"3bf8e62\" data-element_type=\"widget\" data-widget_type=\"text-editor.default\">\n\t\t\t\t<div class=\"elementor-widget-container\">\n\t\t\t\t\t\t\t\t\t<p>Seguimiento de los vencimientos de materias primas e \u00edndices.<\/p>\t\t\t\t\t\t\t\t<\/div>\n\t\t\t\t<\/div>\n\t\t\t\t<\/a>\n\t\t\t\t\t<\/div>\n\t\t\t\t<\/div>\n\t\t\t\t<\/div>","protected":false},"excerpt":{"rendered":"<p>D\u00edas festivos en el mercado Consulte los horarios de negociaci\u00f3n durante los d\u00edas festivos en todo el mundo. Vencimientos de CFDs Consulte los vencimientos de materias primas e \u00edndices.<\/p>","protected":false},"author":3,"featured_media":0,"parent":0,"menu_order":0,"comment_status":"closed","ping_status":"closed","template":"","meta":{"_acf_changed":false,"inline_featured_image":false,"footnotes":""},"class_list":["post-345","page","type-page","status-publish","hentry"],"acf":[],"yoast_head":"<!-- This site is optimized with the Yoast SEO plugin v26.6 - https:\/\/yoast.com\/wordpress\/plugins\/seo\/ -->\n<title>Trading Conditions - OneRoyal News<\/title>\n<meta name=\"robots\" content=\"index, follow, max-snippet:-1, max-image-preview:large, max-video-preview:-1\" \/>\n<link rel=\"canonical\" href=\"https:\/\/oneroyal.news\/es\/trading-conditions\/\" \/>\n<meta property=\"og:locale\" content=\"es_ES\" \/>\n<meta property=\"og:type\" content=\"article\" \/>\n<meta property=\"og:title\" content=\"Trading Conditions - OneRoyal News\" \/>\n<meta property=\"og:description\" content=\"Market Holidays Check trading hours during global public holidays. CFD Expirations Track expiry schedules for commodities and indices.\" \/>\n<meta property=\"og:url\" content=\"https:\/\/oneroyal.news\/es\/trading-conditions\/\" \/>\n<meta property=\"og:site_name\" content=\"OneRoyal News\" \/>\n<meta property=\"article:modified_time\" content=\"2025-11-12T08:16:30+00:00\" \/>\n<meta property=\"og:image\" content=\"https:\/\/oneroyal.news\/wp-content\/uploads\/2025\/06\/Vector-Stroke.svg\" \/>\n<meta name=\"twitter:card\" content=\"summary_large_image\" \/>\n<meta name=\"twitter:label1\" content=\"Tiempo de lectura\" \/>\n\t<meta name=\"twitter:data1\" content=\"2 minutos\" \/>\n<script type=\"application\/ld+json\" class=\"yoast-schema-graph\">{\"@context\":\"https:\/\/schema.org\",\"@graph\":[{\"@type\":\"WebPage\",\"@id\":\"https:\/\/oneroyal.news\/fa\/trading-conditions\/\",\"url\":\"https:\/\/oneroyal.news\/fa\/trading-conditions\/\",\"name\":\"Trading Conditions - OneRoyal News\",\"isPartOf\":{\"@id\":\"https:\/\/oneroyal.news\/ms\/#website\"},\"primaryImageOfPage\":{\"@id\":\"https:\/\/oneroyal.news\/fa\/trading-conditions\/#primaryimage\"},\"image\":{\"@id\":\"https:\/\/oneroyal.news\/fa\/trading-conditions\/#primaryimage\"},\"thumbnailUrl\":\"https:\/\/oneroyal.news\/wp-content\/uploads\/2025\/06\/Vector-Stroke.svg\",\"datePublished\":\"2025-03-28T14:23:31+00:00\",\"dateModified\":\"2025-11-12T08:16:30+00:00\",\"breadcrumb\":{\"@id\":\"https:\/\/oneroyal.news\/fa\/trading-conditions\/#breadcrumb\"},\"inLanguage\":\"es\",\"potentialAction\":[{\"@type\":\"ReadAction\",\"target\":[\"https:\/\/oneroyal.news\/fa\/trading-conditions\/\"]}]},{\"@type\":\"ImageObject\",\"inLanguage\":\"es\",\"@id\":\"https:\/\/oneroyal.news\/fa\/trading-conditions\/#primaryimage\",\"url\":\"https:\/\/oneroyal.news\/wp-content\/uploads\/2025\/06\/Vector-Stroke.svg\",\"contentUrl\":\"https:\/\/oneroyal.news\/wp-content\/uploads\/2025\/06\/Vector-Stroke.svg\"},{\"@type\":\"BreadcrumbList\",\"@id\":\"https:\/\/oneroyal.news\/fa\/trading-conditions\/#breadcrumb\",\"itemListElement\":[{\"@type\":\"ListItem\",\"position\":1,\"name\":\"Home\",\"item\":\"https:\/\/oneroyal.news\/ms\/\"},{\"@type\":\"ListItem\",\"position\":2,\"name\":\"Trading Conditions\"}]},{\"@type\":\"WebSite\",\"@id\":\"https:\/\/oneroyal.news\/ms\/#website\",\"url\":\"https:\/\/oneroyal.news\/ms\/\",\"name\":\"OneRoyal News\",\"description\":\"\",\"publisher\":{\"@id\":\"https:\/\/oneroyal.news\/ms\/#organization\"},\"potentialAction\":[{\"@type\":\"SearchAction\",\"target\":{\"@type\":\"EntryPoint\",\"urlTemplate\":\"https:\/\/oneroyal.news\/ms\/?s={search_term_string}\"},\"query-input\":{\"@type\":\"PropertyValueSpecification\",\"valueRequired\":true,\"valueName\":\"search_term_string\"}}],\"inLanguage\":\"es\"},{\"@type\":\"Organization\",\"@id\":\"https:\/\/oneroyal.news\/ms\/#organization\",\"name\":\"OneRoyal News\",\"url\":\"https:\/\/oneroyal.news\/ms\/\",\"logo\":{\"@type\":\"ImageObject\",\"inLanguage\":\"es\",\"@id\":\"https:\/\/oneroyal.news\/ms\/#\/schema\/logo\/image\/\",\"url\":\"https:\/\/oneroyal.news\/wp-content\/uploads\/2025\/01\/OR-logo.svg\",\"contentUrl\":\"https:\/\/oneroyal.news\/wp-content\/uploads\/2025\/01\/OR-logo.svg\",\"width\":123,\"height\":18,\"caption\":\"OneRoyal News\"},\"image\":{\"@id\":\"https:\/\/oneroyal.news\/ms\/#\/schema\/logo\/image\/\"}}]}<\/script>\n<!-- \/ Yoast SEO plugin. -->","yoast_head_json":{"title":"Condiciones comerciales - OneRoyal News","robots":{"index":"index","follow":"follow","max-snippet":"max-snippet:-1","max-image-preview":"max-image-preview:large","max-video-preview":"max-video-preview:-1"},"canonical":"https:\/\/oneroyal.news\/es\/trading-conditions\/","og_locale":"es_ES","og_type":"article","og_title":"Trading Conditions - OneRoyal News","og_description":"Market Holidays Check trading hours during global public holidays. CFD Expirations Track expiry schedules for commodities and indices.","og_url":"https:\/\/oneroyal.news\/es\/trading-conditions\/","og_site_name":"OneRoyal News","article_modified_time":"2025-11-12T08:16:30+00:00","og_image":[{"url":"https:\/\/oneroyal.news\/wp-content\/uploads\/2025\/06\/Vector-Stroke.svg","type":"","width":"","height":""}],"twitter_card":"summary_large_image","twitter_misc":{"Tiempo de lectura":"2 minutos"},"schema":{"@context":"https:\/\/schema.org","@graph":[{"@type":"WebPage","@id":"https:\/\/oneroyal.news\/fa\/trading-conditions\/","url":"https:\/\/oneroyal.news\/fa\/trading-conditions\/","name":"Condiciones comerciales - OneRoyal News","isPartOf":{"@id":"https:\/\/oneroyal.news\/ms\/#website"},"primaryImageOfPage":{"@id":"https:\/\/oneroyal.news\/fa\/trading-conditions\/#primaryimage"},"image":{"@id":"https:\/\/oneroyal.news\/fa\/trading-conditions\/#primaryimage"},"thumbnailUrl":"https:\/\/oneroyal.news\/wp-content\/uploads\/2025\/06\/Vector-Stroke.svg","datePublished":"2025-03-28T14:23:31+00:00","dateModified":"2025-11-12T08:16:30+00:00","breadcrumb":{"@id":"https:\/\/oneroyal.news\/fa\/trading-conditions\/#breadcrumb"},"inLanguage":"es","potentialAction":[{"@type":"ReadAction","target":["https:\/\/oneroyal.news\/fa\/trading-conditions\/"]}]},{"@type":"ImageObject","inLanguage":"es","@id":"https:\/\/oneroyal.news\/fa\/trading-conditions\/#primaryimage","url":"https:\/\/oneroyal.news\/wp-content\/uploads\/2025\/06\/Vector-Stroke.svg","contentUrl":"https:\/\/oneroyal.news\/wp-content\/uploads\/2025\/06\/Vector-Stroke.svg"},{"@type":"BreadcrumbList","@id":"https:\/\/oneroyal.news\/fa\/trading-conditions\/#breadcrumb","itemListElement":[{"@type":"ListItem","position":1,"name":"Home","item":"https:\/\/oneroyal.news\/ms\/"},{"@type":"ListItem","position":2,"name":"Trading Conditions"}]},{"@type":"WebSite","@id":"https:\/\/oneroyal.news\/ms\/#website","url":"https:\/\/oneroyal.news\/ms\/","name":"Noticias OneRoyal","description":"","publisher":{"@id":"https:\/\/oneroyal.news\/ms\/#organization"},"potentialAction":[{"@type":"SearchAction","target":{"@type":"EntryPoint","urlTemplate":"https:\/\/oneroyal.news\/ms\/?s={search_term_string}"},"query-input":{"@type":"PropertyValueSpecification","valueRequired":true,"valueName":"search_term_string"}}],"inLanguage":"es"},{"@type":"Organization","@id":"https:\/\/oneroyal.news\/ms\/#organization","name":"Noticias OneRoyal","url":"https:\/\/oneroyal.news\/ms\/","logo":{"@type":"ImageObject","inLanguage":"es","@id":"https:\/\/oneroyal.news\/ms\/#\/schema\/logo\/image\/","url":"https:\/\/oneroyal.news\/wp-content\/uploads\/2025\/01\/OR-logo.svg","contentUrl":"https:\/\/oneroyal.news\/wp-content\/uploads\/2025\/01\/OR-logo.svg","width":123,"height":18,"caption":"OneRoyal News"},"image":{"@id":"https:\/\/oneroyal.news\/ms\/#\/schema\/logo\/image\/"}}]}},"_links":{"self":[{"href":"https:\/\/oneroyal.news\/es\/wp-json\/wp\/v2\/pages\/345","targetHints":{"allow":["GET"]}}],"collection":[{"href":"https:\/\/oneroyal.news\/es\/wp-json\/wp\/v2\/pages"}],"about":[{"href":"https:\/\/oneroyal.news\/es\/wp-json\/wp\/v2\/types\/page"}],"author":[{"embeddable":true,"href":"https:\/\/oneroyal.news\/es\/wp-json\/wp\/v2\/users\/3"}],"replies":[{"embeddable":true,"href":"https:\/\/oneroyal.news\/es\/wp-json\/wp\/v2\/comments?post=345"}],"version-history":[{"count":29,"href":"https:\/\/oneroyal.news\/es\/wp-json\/wp\/v2\/pages\/345\/revisions"}],"predecessor-version":[{"id":23661,"href":"https:\/\/oneroyal.news\/es\/wp-json\/wp\/v2\/pages\/345\/revisions\/23661"}],"wp:attachment":[{"href":"https:\/\/oneroyal.news\/es\/wp-json\/wp\/v2\/media?parent=345"}],"curies":[{"name":"wp","href":"https:\/\/api.w.org\/{rel}","templated":true}]}}