{"id":321,"date":"2025-03-28T13:52:23","date_gmt":"2025-03-28T13:52:23","guid":{"rendered":"https:\/\/oneroyal.news\/?page_id=321"},"modified":"2025-12-15T13:59:02","modified_gmt":"2025-12-15T13:59:02","slug":"economic-events","status":"publish","type":"page","link":"https:\/\/oneroyal.news\/es\/economic-events\/","title":{"rendered":"Acontecimientos fundamentales"},"content":{"rendered":"<div data-elementor-type=\"wp-page\" data-elementor-id=\"321\" class=\"elementor elementor-321\" data-elementor-post-type=\"page\">\n\t\t\t\t<div class=\"elementor-element elementor-element-7835e55 hero-black-centered e-flex e-con-boxed e-con e-parent\" data-id=\"7835e55\" data-element_type=\"container\" data-settings=\"{&quot;background_background&quot;:&quot;classic&quot;}\">\n\t\t\t\t\t<div class=\"e-con-inner\">\n\t\t\t\t<div class=\"elementor-element elementor-element-6057853 elementor-widget elementor-widget-template\" data-id=\"6057853\" data-element_type=\"widget\" data-widget_type=\"template.default\">\n\t\t\t\t<div class=\"elementor-widget-container\">\n\t\t\t\t\t\t\t<div class=\"elementor-template\">\n\t\t\t\t\t<div data-elementor-type=\"section\" data-elementor-id=\"250\" class=\"elementor elementor-250\" data-elementor-post-type=\"elementor_library\">\n\t\t\t<div class=\"elementor-element elementor-element-744359a e-flex e-con-boxed e-con e-child\" data-id=\"744359a\" data-element_type=\"container\">\n\t\t\t\t\t<div class=\"e-con-inner\">\n\t\t\t\t<div class=\"elementor-element elementor-element-2642371 t-60 elementor-widget elementor-widget-heading\" data-id=\"2642371\" data-element_type=\"widget\" data-widget_type=\"heading.default\">\n\t\t\t\t<div class=\"elementor-widget-container\">\n\t\t\t\t\t<h1 class=\"elementor-heading-title elementor-size-default\">Calendario econ\u00f3mico de OneRoyal<\/h1>\t\t\t\t<\/div>\n\t\t\t\t<\/div>\n\t\t\t\t<div class=\"elementor-element elementor-element-9a26799 t-18 elementor-widget elementor-widget-heading\" data-id=\"9a26799\" data-element_type=\"widget\" data-widget_type=\"heading.default\">\n\t\t\t\t<div class=\"elementor-widget-container\">\n\t\t\t\t\t<p class=\"elementor-heading-title elementor-size-default\">Mant\u00e9ngase al d\u00eda sobre los principales acontecimientos del mercado y las publicaciones econ\u00f3micas y su posible impacto.\u00a0<\/p>\t\t\t\t<\/div>\n\t\t\t\t<\/div>\n\t\t\t\t\t<\/div>\n\t\t\t\t<\/div>\n\t\t\t\t<\/div>\n\t\t\t\t<\/div>\n\t\t\t\t\t\t<\/div>\n\t\t\t\t<\/div>\n\t\t\t\t\t<\/div>\n\t\t\t\t<\/div>\n\t\t<div class=\"elementor-element elementor-element-2c609c1 e-con-full image-text-bloc-2c-container e-flex e-con e-parent\" data-id=\"2c609c1\" data-element_type=\"container\">\n\t\t\t\t<div class=\"elementor-element elementor-element-bdc325a elementor-widget elementor-widget-template\" data-id=\"bdc325a\" data-element_type=\"widget\" data-widget_type=\"template.default\">\n\t\t\t\t<div class=\"elementor-widget-container\">\n\t\t\t\t\t\t\t<div class=\"elementor-template\">\n\t\t\t\t\t<div data-elementor-type=\"section\" data-elementor-id=\"287\" class=\"elementor elementor-287\" data-elementor-post-type=\"elementor_library\">\n\t\t\t<div class=\"elementor-element elementor-element-6dd68fd image-text-bloc-2c e-flex e-con-boxed e-con e-parent\" data-id=\"6dd68fd\" data-element_type=\"container\">\n\t\t\t\t\t<div class=\"e-con-inner\">\n\t\t<div class=\"elementor-element elementor-element-7040e27 e-con-full e-flex e-con e-child\" data-id=\"7040e27\" data-element_type=\"container\" data-settings=\"{&quot;background_background&quot;:&quot;classic&quot;}\">\n\t\t\t\t<\/div>\n\t\t<div class=\"elementor-element elementor-element-af7f1f6 e-con-full e-flex e-con e-child\" data-id=\"af7f1f6\" data-element_type=\"container\">\n\t\t\t\t<div class=\"elementor-element elementor-element-17f2924 t-36 elementor-widget elementor-widget-heading\" data-id=\"17f2924\" data-element_type=\"widget\" data-widget_type=\"heading.default\">\n\t\t\t\t<div class=\"elementor-widget-container\">\n\t\t\t\t\t<h2 class=\"elementor-heading-title elementor-size-default\">Establezca su calendario de negociaci\u00f3n<\/h2>\t\t\t\t<\/div>\n\t\t\t\t<\/div>\n\t\t\t\t<div class=\"elementor-element elementor-element-03e4ee0 t-18 elementor-widget elementor-widget-heading\" data-id=\"03e4ee0\" data-element_type=\"widget\" data-widget_type=\"heading.default\">\n\t\t\t\t<div class=\"elementor-widget-container\">\n\t\t\t\t\t<p class=\"elementor-heading-title elementor-size-default\"><p>Planifique sus operaciones con el calendario de publicaciones econ\u00f3micas y acontecimientos del mercado de OneRoyal.<\/p>\n<p>Acceda al an\u00e1lisis fundamental y a los comentarios de expertos sobre los acontecimientos que mueven los mercados, incluidas las noticias econ\u00f3micas, la publicaci\u00f3n de datos y las decisiones de los bancos centrales.<\/p>\n<\/p>\t\t\t\t<\/div>\n\t\t\t\t<\/div>\n\t\t\t\t<\/div>\n\t\t\t\t\t<\/div>\n\t\t\t\t<\/div>\n\t\t\t\t<\/div>\n\t\t\t\t<\/div>\n\t\t\t\t\t\t<\/div>\n\t\t\t\t<\/div>\n\t\t\t\t<\/div>\n\t\t<div class=\"elementor-element elementor-element-5c99ae9 e-con-full blog-section-container e-flex e-con e-parent\" data-id=\"5c99ae9\" data-element_type=\"container\">\n\t\t<div class=\"elementor-element elementor-element-f67f318 blog-section-wrapper e-flex e-con-boxed e-con e-child\" data-id=\"f67f318\" data-element_type=\"container\">\n\t\t\t\t\t<div class=\"e-con-inner\">\n\t\t\t\t<div class=\"elementor-element elementor-element-975d9e7 blog-section-title elementor-widget elementor-widget-heading\" data-id=\"975d9e7\" data-element_type=\"widget\" data-widget_type=\"heading.default\">\n\t\t\t\t<div class=\"elementor-widget-container\">\n\t\t\t\t\t<h2 class=\"elementor-heading-title elementor-size-default\">Prep\u00e1rese siempre con el calendario econ\u00f3mico de OneRoyal<\/h2>\t\t\t\t<\/div>\n\t\t\t\t<\/div>\n\t\t\t\t<div class=\"elementor-element elementor-element-4b049c6 elementor-widget elementor-widget-html\" data-id=\"4b049c6\" data-element_type=\"widget\" data-widget_type=\"html.default\">\n\t\t\t\t<div class=\"elementor-widget-container\">\n\t\t\t\t\t<div id=\"acuity-calendar\"><\/div>\n<script src=\"https:\/\/prodstorage.azureedge.net\/Widgets\/lib\/@1.0.0\/widget-core.js\"><\/script>\n<script>\nAcuityWidgets.globals({\napikey: 'f7910fc7-b0af-4fe2-bc1b-fc974502603f',\nlocale: 'en-GB'\n});\nvar widget = AcuityWidgets.CreateWidget(\n'acuitycalendar',\ndocument.getElementById('acuity-calendar'),\n{ settingId: 7859 }\n);\nwidget.mount();\n<\/script>\t\t\t\t<\/div>\n\t\t\t\t<\/div>\n\t\t\t\t<div class=\"elementor-element elementor-element-55de286 elementor-posts--thumbnail-top elementor-grid-3 elementor-grid-tablet-2 elementor-grid-mobile-1 elementor-widget elementor-widget-posts\" data-id=\"55de286\" data-element_type=\"widget\" data-settings=\"{&quot;custom_row_gap&quot;:{&quot;unit&quot;:&quot;px&quot;,&quot;size&quot;:64,&quot;sizes&quot;:[]},&quot;custom_columns&quot;:&quot;3&quot;,&quot;custom_columns_tablet&quot;:&quot;2&quot;,&quot;custom_columns_mobile&quot;:&quot;1&quot;,&quot;custom_row_gap_tablet&quot;:{&quot;unit&quot;:&quot;px&quot;,&quot;size&quot;:&quot;&quot;,&quot;sizes&quot;:[]},&quot;custom_row_gap_mobile&quot;:{&quot;unit&quot;:&quot;px&quot;,&quot;size&quot;:&quot;&quot;,&quot;sizes&quot;:[]}}\" data-widget_type=\"posts.custom\">\n\t\t\t\t<div class=\"elementor-widget-container\">\n\t\t\t\t\t      <div class=\"ecs-posts elementor-posts-container elementor-posts   elementor-grid elementor-posts--skin-custom\" data-settings=\"{&quot;current_page&quot;:1,&quot;max_num_pages&quot;:1,&quot;load_method&quot;:&quot;loadmore&quot;,&quot;widget_id&quot;:&quot;55de286&quot;,&quot;post_id&quot;:321,&quot;theme_id&quot;:321,&quot;change_url&quot;:false,&quot;reinit_js&quot;:false}\">\n      \t\t<article id=\"post-24048\" class=\"elementor-post elementor-grid-item ecs-post-loop post-24048 post type-post status-publish format-standard has-post-thumbnail hentry category-daily-analysis category-economic-calendar-events category-market-analysis category-markets-to-watch category-special-reports category-uncategorized\">\n\t\t\t\t<div data-elementor-type=\"loop\" data-elementor-id=\"22671\" class=\"elementor elementor-22671 post-24048 post type-post status-publish format-standard has-post-thumbnail hentry category-daily-analysis category-economic-calendar-events category-market-analysis category-markets-to-watch category-special-reports category-uncategorized\" data-elementor-post-type=\"elementor_library\">\n\t\t\t<div class=\"elementor-element elementor-element-7c7e9a9 page-blog-section-item e-flex e-con-boxed e-con e-parent\" data-id=\"7c7e9a9\" data-element_type=\"container\">\n\t\t\t\t\t<div class=\"e-con-inner\">\n\t\t<style>#post-24048 .elementor-22671 .elementor-element.elementor-element-7aa698e:not(.elementor-motion-effects-element-type-background), #post-24048 .elementor-22671 .elementor-element.elementor-element-7aa698e > .elementor-motion-effects-container > .elementor-motion-effects-layer{background-image: url(\"https:\/\/OneRoyal.news\/wp-content\/uploads\/2025\/09\/a_feature_image_for_an_article_titled.jpeg\");}<\/style><a class=\"elementor-element elementor-element-7aa698e e-con-full image e-flex e-con e-child\" data-id=\"7aa698e\" data-element_type=\"container\" data-settings=\"{&quot;background_background&quot;:&quot;classic&quot;}\" href=\"https:\/\/OneRoyal.news\/es\/daily-analysis\/stocks-climb-gold-roars-dollar-dips-all-eyes-on-u-s-shutdown-and-jobs-report\/\">\n\t\t\t\t<\/a>\n\t\t<div class=\"elementor-element elementor-element-8570a2f e-con-full content e-flex e-con e-child\" data-id=\"8570a2f\" data-element_type=\"container\">\n\t\t\t\t<div class=\"elementor-element elementor-element-a01327f title elementor-widget elementor-widget-heading\" data-id=\"a01327f\" data-element_type=\"widget\" data-widget_type=\"heading.default\">\n\t\t\t\t<div class=\"elementor-widget-container\">\n\t\t\t\t\t<h3 class=\"elementor-heading-title elementor-size-default\"><a href=\"https:\/\/OneRoyal.news\/es\/daily-analysis\/stocks-climb-gold-roars-dollar-dips-all-eyes-on-u-s-shutdown-and-jobs-report\/\">Las acciones suben, el oro se dispara y el d\u00f3lar cae - Todos los ojos puestos en el cierre de EE.UU. y el informe de empleo<\/a><\/h3>\t\t\t\t<\/div>\n\t\t\t\t<\/div>\n\t\t\t\t<div class=\"elementor-element elementor-element-752bede description elementor-widget elementor-widget-heading\" data-id=\"752bede\" data-element_type=\"widget\" data-widget_type=\"heading.default\">\n\t\t\t\t<div class=\"elementor-widget-container\">\n\t\t\t\t\t<p class=\"elementor-heading-title elementor-size-default\"><a href=\"https:\/\/OneRoyal.news\/es\/daily-analysis\/stocks-climb-gold-roars-dollar-dips-all-eyes-on-u-s-shutdown-and-jobs-report\/\">Noticias del mercado - 29 de septiembre de 2025 Las acciones suben, el oro se dispara y el d\u00f3lar cae - Todos los ojos puestos en el cierre de Estados Unidos y el informe de empleo \u26a1 Titulares de hoy<\/a><\/p>\t\t\t\t<\/div>\n\t\t\t\t<\/div>\n\t\t\t\t<div class=\"elementor-element elementor-element-874ae0a learn-more elementor-widget elementor-widget-heading\" data-id=\"874ae0a\" data-element_type=\"widget\" data-widget_type=\"heading.default\">\n\t\t\t\t<div class=\"elementor-widget-container\">\n\t\t\t\t\t<span class=\"elementor-heading-title elementor-size-default\"><a href=\"https:\/\/OneRoyal.news\/es\/daily-analysis\/stocks-climb-gold-roars-dollar-dips-all-eyes-on-u-s-shutdown-and-jobs-report\/\">M\u00e1s informaci\u00f3n<\/a><\/span>\t\t\t\t<\/div>\n\t\t\t\t<\/div>\n\t\t\t\t<\/div>\n\t\t\t\t\t<\/div>\n\t\t\t\t<\/div>\n\t\t\t\t<\/div>\n\t\t\t\t<\/article>\n\t\t\t\t<\/div>\n\t\t\t\t\t\t<\/div>\n\t\t\t\t<\/div>\n\t\t\t\t\t<\/div>\n\t\t\t\t<\/div>\n\t\t\t\t<\/div>\n\t\t\t\t<\/div>","protected":false},"excerpt":{"rendered":"","protected":false},"author":3,"featured_media":0,"parent":0,"menu_order":0,"comment_status":"closed","ping_status":"closed","template":"","meta":{"_acf_changed":false,"inline_featured_image":false,"footnotes":""},"class_list":["post-321","page","type-page","status-publish","hentry"],"acf":[],"yoast_head":"<!-- This site is optimized with the Yoast SEO plugin v26.6 - https:\/\/yoast.com\/wordpress\/plugins\/seo\/ -->\n<title>Fundamental Events - OneRoyal News<\/title>\n<meta name=\"robots\" content=\"index, follow, max-snippet:-1, max-image-preview:large, max-video-preview:-1\" \/>\n<link rel=\"canonical\" href=\"https:\/\/www.oneroyal.news\/en\/economic-events\/\" \/>\n<meta property=\"og:locale\" content=\"es_ES\" \/>\n<meta property=\"og:type\" content=\"article\" \/>\n<meta property=\"og:title\" content=\"Fundamental Events - OneRoyal News\" \/>\n<meta property=\"og:url\" content=\"https:\/\/www.oneroyal.news\/en\/economic-events\/\" \/>\n<meta property=\"og:site_name\" content=\"OneRoyal News\" \/>\n<meta property=\"article:modified_time\" content=\"2025-12-15T13:59:02+00:00\" \/>\n<meta name=\"twitter:card\" content=\"summary_large_image\" \/>\n<script type=\"application\/ld+json\" class=\"yoast-schema-graph\">{\"@context\":\"https:\/\/schema.org\",\"@graph\":[{\"@type\":\"WebPage\",\"@id\":\"https:\/\/www.oneroyal.news\/en\/economic-events\/\",\"url\":\"https:\/\/www.oneroyal.news\/en\/economic-events\/\",\"name\":\"Fundamental Events - OneRoyal News\",\"isPartOf\":{\"@id\":\"https:\/\/oneroyal.news\/ms\/#website\"},\"datePublished\":\"2025-03-28T13:52:23+00:00\",\"dateModified\":\"2025-12-15T13:59:02+00:00\",\"breadcrumb\":{\"@id\":\"https:\/\/www.oneroyal.news\/en\/economic-events\/#breadcrumb\"},\"inLanguage\":\"es\",\"potentialAction\":[{\"@type\":\"ReadAction\",\"target\":[\"https:\/\/www.oneroyal.news\/en\/economic-events\/\"]}]},{\"@type\":\"BreadcrumbList\",\"@id\":\"https:\/\/www.oneroyal.news\/en\/economic-events\/#breadcrumb\",\"itemListElement\":[{\"@type\":\"ListItem\",\"position\":1,\"name\":\"Home\",\"item\":\"https:\/\/oneroyal.news\/ms\/\"},{\"@type\":\"ListItem\",\"position\":2,\"name\":\"Fundamental Events\"}]},{\"@type\":\"WebSite\",\"@id\":\"https:\/\/oneroyal.news\/ms\/#website\",\"url\":\"https:\/\/oneroyal.news\/ms\/\",\"name\":\"OneRoyal News\",\"description\":\"\",\"publisher\":{\"@id\":\"https:\/\/oneroyal.news\/ms\/#organization\"},\"potentialAction\":[{\"@type\":\"SearchAction\",\"target\":{\"@type\":\"EntryPoint\",\"urlTemplate\":\"https:\/\/oneroyal.news\/ms\/?s={search_term_string}\"},\"query-input\":{\"@type\":\"PropertyValueSpecification\",\"valueRequired\":true,\"valueName\":\"search_term_string\"}}],\"inLanguage\":\"es\"},{\"@type\":\"Organization\",\"@id\":\"https:\/\/oneroyal.news\/ms\/#organization\",\"name\":\"OneRoyal News\",\"url\":\"https:\/\/oneroyal.news\/ms\/\",\"logo\":{\"@type\":\"ImageObject\",\"inLanguage\":\"es\",\"@id\":\"https:\/\/oneroyal.news\/ms\/#\/schema\/logo\/image\/\",\"url\":\"https:\/\/oneroyal.news\/wp-content\/uploads\/2025\/01\/OR-logo.svg\",\"contentUrl\":\"https:\/\/oneroyal.news\/wp-content\/uploads\/2025\/01\/OR-logo.svg\",\"width\":123,\"height\":18,\"caption\":\"OneRoyal News\"},\"image\":{\"@id\":\"https:\/\/oneroyal.news\/ms\/#\/schema\/logo\/image\/\"}}]}<\/script>\n<!-- \/ Yoast SEO plugin. -->","yoast_head_json":{"title":"Acontecimientos fundamentales - OneRoyal News","robots":{"index":"index","follow":"follow","max-snippet":"max-snippet:-1","max-image-preview":"max-image-preview:large","max-video-preview":"max-video-preview:-1"},"canonical":"https:\/\/www.oneroyal.news\/en\/economic-events\/","og_locale":"es_ES","og_type":"article","og_title":"Fundamental Events - OneRoyal News","og_url":"https:\/\/www.oneroyal.news\/en\/economic-events\/","og_site_name":"OneRoyal News","article_modified_time":"2025-12-15T13:59:02+00:00","twitter_card":"summary_large_image","schema":{"@context":"https:\/\/schema.org","@graph":[{"@type":"WebPage","@id":"https:\/\/www.oneroyal.news\/en\/economic-events\/","url":"https:\/\/www.oneroyal.news\/en\/economic-events\/","name":"Acontecimientos fundamentales - OneRoyal News","isPartOf":{"@id":"https:\/\/oneroyal.news\/ms\/#website"},"datePublished":"2025-03-28T13:52:23+00:00","dateModified":"2025-12-15T13:59:02+00:00","breadcrumb":{"@id":"https:\/\/www.oneroyal.news\/en\/economic-events\/#breadcrumb"},"inLanguage":"es","potentialAction":[{"@type":"ReadAction","target":["https:\/\/www.oneroyal.news\/en\/economic-events\/"]}]},{"@type":"BreadcrumbList","@id":"https:\/\/www.oneroyal.news\/en\/economic-events\/#breadcrumb","itemListElement":[{"@type":"ListItem","position":1,"name":"Home","item":"https:\/\/oneroyal.news\/ms\/"},{"@type":"ListItem","position":2,"name":"Fundamental Events"}]},{"@type":"WebSite","@id":"https:\/\/oneroyal.news\/ms\/#website","url":"https:\/\/oneroyal.news\/ms\/","name":"Noticias OneRoyal","description":"","publisher":{"@id":"https:\/\/oneroyal.news\/ms\/#organization"},"potentialAction":[{"@type":"SearchAction","target":{"@type":"EntryPoint","urlTemplate":"https:\/\/oneroyal.news\/ms\/?s={search_term_string}"},"query-input":{"@type":"PropertyValueSpecification","valueRequired":true,"valueName":"search_term_string"}}],"inLanguage":"es"},{"@type":"Organization","@id":"https:\/\/oneroyal.news\/ms\/#organization","name":"Noticias OneRoyal","url":"https:\/\/oneroyal.news\/ms\/","logo":{"@type":"ImageObject","inLanguage":"es","@id":"https:\/\/oneroyal.news\/ms\/#\/schema\/logo\/image\/","url":"https:\/\/oneroyal.news\/wp-content\/uploads\/2025\/01\/OR-logo.svg","contentUrl":"https:\/\/oneroyal.news\/wp-content\/uploads\/2025\/01\/OR-logo.svg","width":123,"height":18,"caption":"OneRoyal News"},"image":{"@id":"https:\/\/oneroyal.news\/ms\/#\/schema\/logo\/image\/"}}]}},"_links":{"self":[{"href":"https:\/\/oneroyal.news\/es\/wp-json\/wp\/v2\/pages\/321","targetHints":{"allow":["GET"]}}],"collection":[{"href":"https:\/\/oneroyal.news\/es\/wp-json\/wp\/v2\/pages"}],"about":[{"href":"https:\/\/oneroyal.news\/es\/wp-json\/wp\/v2\/types\/page"}],"author":[{"embeddable":true,"href":"https:\/\/oneroyal.news\/es\/wp-json\/wp\/v2\/users\/3"}],"replies":[{"embeddable":true,"href":"https:\/\/oneroyal.news\/es\/wp-json\/wp\/v2\/comments?post=321"}],"version-history":[{"count":30,"href":"https:\/\/oneroyal.news\/es\/wp-json\/wp\/v2\/pages\/321\/revisions"}],"predecessor-version":[{"id":24248,"href":"https:\/\/oneroyal.news\/es\/wp-json\/wp\/v2\/pages\/321\/revisions\/24248"}],"wp:attachment":[{"href":"https:\/\/oneroyal.news\/es\/wp-json\/wp\/v2\/media?parent=321"}],"curies":[{"name":"wp","href":"https:\/\/api.w.org\/{rel}","templated":true}]}}