{"id":312,"date":"2025-03-28T13:42:27","date_gmt":"2025-03-28T13:42:27","guid":{"rendered":"https:\/\/oneroyal.news\/?page_id=312"},"modified":"2026-03-30T08:17:06","modified_gmt":"2026-03-30T08:17:06","slug":"market-holidays","status":"publish","type":"page","link":"https:\/\/oneroyal.news\/es\/market-holidays\/","title":{"rendered":"Vacaciones en el mercado"},"content":{"rendered":"<div data-elementor-type=\"wp-page\" data-elementor-id=\"312\" class=\"elementor elementor-312\" data-elementor-post-type=\"page\">\n\t\t\t\t<div class=\"elementor-element elementor-element-3267da0 hero-black-centered e-flex e-con-boxed e-con e-parent\" data-id=\"3267da0\" data-element_type=\"container\" data-settings=\"{&quot;background_background&quot;:&quot;classic&quot;}\">\n\t\t\t\t\t<div class=\"e-con-inner\">\n\t\t\t\t<div class=\"elementor-element elementor-element-ffebc82 elementor-widget elementor-widget-template\" data-id=\"ffebc82\" data-element_type=\"widget\" data-widget_type=\"template.default\">\n\t\t\t\t<div class=\"elementor-widget-container\">\n\t\t\t\t\t\t\t<div class=\"elementor-template\">\n\t\t\t\t\t<div data-elementor-type=\"section\" data-elementor-id=\"250\" class=\"elementor elementor-250\" data-elementor-post-type=\"elementor_library\">\n\t\t\t<div class=\"elementor-element elementor-element-744359a e-flex e-con-boxed e-con e-child\" data-id=\"744359a\" data-element_type=\"container\">\n\t\t\t\t\t<div class=\"e-con-inner\">\n\t\t\t\t<div class=\"elementor-element elementor-element-2642371 t-60 elementor-widget elementor-widget-heading\" data-id=\"2642371\" data-element_type=\"widget\" data-widget_type=\"heading.default\">\n\t\t\t\t<div class=\"elementor-widget-container\">\n\t\t\t\t\t<h1 class=\"elementor-heading-title elementor-size-default\">Calendario de fiestas de OneRoyal<\/h1>\t\t\t\t<\/div>\n\t\t\t\t<\/div>\n\t\t\t\t<div class=\"elementor-element elementor-element-9a26799 t-18 elementor-widget elementor-widget-heading\" data-id=\"9a26799\" data-element_type=\"widget\" data-widget_type=\"heading.default\">\n\t\t\t\t<div class=\"elementor-widget-container\">\n\t\t\t\t\t<p class=\"elementor-heading-title elementor-size-default\">Obtenga aqu\u00ed las \u00faltimas actualizaciones sobre el calendario de d\u00edas festivos y el horario de negociaci\u00f3n en vacaciones.<\/p>\t\t\t\t<\/div>\n\t\t\t\t<\/div>\n\t\t\t\t\t<\/div>\n\t\t\t\t<\/div>\n\t\t\t\t<\/div>\n\t\t\t\t<\/div>\n\t\t\t\t\t\t<\/div>\n\t\t\t\t<\/div>\n\t\t\t\t\t<\/div>\n\t\t\t\t<\/div>\n\t\t<div class=\"elementor-element elementor-element-277e27f e-con-full image-text-bloc-2c-container e-flex e-con e-parent\" data-id=\"277e27f\" data-element_type=\"container\">\n\t\t\t\t<div class=\"elementor-element elementor-element-a1ba6cf elementor-widget elementor-widget-template\" data-id=\"a1ba6cf\" data-element_type=\"widget\" data-widget_type=\"template.default\">\n\t\t\t\t<div class=\"elementor-widget-container\">\n\t\t\t\t\t\t\t<div class=\"elementor-template\">\n\t\t\t\t\t<div data-elementor-type=\"section\" data-elementor-id=\"287\" class=\"elementor elementor-287\" data-elementor-post-type=\"elementor_library\">\n\t\t\t<div class=\"elementor-element elementor-element-6dd68fd image-text-bloc-2c e-flex e-con-boxed e-con e-parent\" data-id=\"6dd68fd\" data-element_type=\"container\">\n\t\t\t\t\t<div class=\"e-con-inner\">\n\t\t<div class=\"elementor-element elementor-element-7040e27 e-con-full e-flex e-con e-child\" data-id=\"7040e27\" data-element_type=\"container\" data-settings=\"{&quot;background_background&quot;:&quot;classic&quot;}\">\n\t\t\t\t<\/div>\n\t\t<div class=\"elementor-element elementor-element-af7f1f6 e-con-full e-flex e-con e-child\" data-id=\"af7f1f6\" data-element_type=\"container\">\n\t\t\t\t<div class=\"elementor-element elementor-element-17f2924 t-36 elementor-widget elementor-widget-heading\" data-id=\"17f2924\" data-element_type=\"widget\" data-widget_type=\"heading.default\">\n\t\t\t\t<div class=\"elementor-widget-container\">\n\t\t\t\t\t<h2 class=\"elementor-heading-title elementor-size-default\">Actualizaci\u00f3n del horario comercial para las fiestas del mercado<\/h2>\t\t\t\t<\/div>\n\t\t\t\t<\/div>\n\t\t\t\t<div class=\"elementor-element elementor-element-03e4ee0 t-18 elementor-widget elementor-widget-heading\" data-id=\"03e4ee0\" data-element_type=\"widget\" data-widget_type=\"heading.default\">\n\t\t\t\t<div class=\"elementor-widget-container\">\n\t\t\t\t\t<p class=\"elementor-heading-title elementor-size-default\"><p>El horario de negociaci\u00f3n y las condiciones del mercado pueden cambiar durante los d\u00edas festivos. Mant\u00e9ngase al d\u00eda de nuestros horarios de mercado y negociaci\u00f3n durante los d\u00edas festivos.<\/p>\n<p>Planifique sus operaciones durante las vacaciones con las \u00faltimas actualizaciones de las condiciones del mercado para los d\u00edas festivos de OneRoyal.<\/p>\n<\/p>\t\t\t\t<\/div>\n\t\t\t\t<\/div>\n\t\t\t\t<\/div>\n\t\t\t\t\t<\/div>\n\t\t\t\t<\/div>\n\t\t\t\t<\/div>\n\t\t\t\t<\/div>\n\t\t\t\t\t\t<\/div>\n\t\t\t\t<\/div>\n\t\t\t\t<\/div>\n\t\t<div class=\"elementor-element elementor-element-5a5a5d8 e-con-full blog-section-container e-flex e-con e-parent\" data-id=\"5a5a5d8\" data-element_type=\"container\">\n\t\t<div class=\"elementor-element elementor-element-066c2fc blog-section-wrapper e-flex e-con-boxed e-con e-child\" data-id=\"066c2fc\" data-element_type=\"container\">\n\t\t\t\t\t<div class=\"e-con-inner\">\n\t\t\t\t<div class=\"elementor-element elementor-element-f2ba255 blog-section-title elementor-widget elementor-widget-heading\" data-id=\"f2ba255\" data-element_type=\"widget\" data-widget_type=\"heading.default\">\n\t\t\t\t<div class=\"elementor-widget-container\">\n\t\t\t\t\t<h2 class=\"elementor-heading-title elementor-size-default\">Adel\u00e1ntese a los acontecimientos con nuestro completo calendario de vacaciones en el mercado\u00a0<\/h2>\t\t\t\t<\/div>\n\t\t\t\t<\/div>\n\t\t\t\t<div class=\"elementor-element elementor-element-6ba04f1 elementor-widget elementor-widget-shortcode\" data-id=\"6ba04f1\" data-element_type=\"widget\" data-widget_type=\"shortcode.default\">\n\t\t\t\t<div class=\"elementor-widget-container\">\n\t\t\t\t\t\t\t<div class=\"elementor-shortcode\"><div class=\"market-holiday-table\"><div class=\"thead\"><div class=\"tr\"><div class=\"td\"><\/div><div class=\"td\">Instrumento<\/div><div class=\"td\">Mi\u00e9rcoles, 1 de abril de 2026<\/div><\/div><\/div><div class=\"tbody\"><div class=\"tr\"><div class=\"td\">Acciones<\/div><div class=\"td\">Noruega<\/div><div class=\"td\">Cierre anticipado 14:00<\/div><\/div><div class=\"thead\"><div class=\"tr\"><div class=\"td\"><\/div><div class=\"td\">Instrumento<\/div><div class=\"td\">Jueves, 2 de abril de 2026<\/div><\/div><\/div><div class=\"tbody\"><div class=\"tr\"><div class=\"td\">Acciones<\/div><div class=\"td\">Noruega<\/div><div class=\"td\">Cerrado<\/div><\/div><div class=\"tr\"><div class=\"td\">Acciones<\/div><div class=\"td\">Suecia<\/div><div class=\"td\">Cierre anticipado 14:00<\/div><\/div><div class=\"tr\"><div class=\"td\">Acciones<\/div><div class=\"td\">Dinamarca<\/div><div class=\"td\">Cerrado<\/div><\/div><div class=\"tr\"><div class=\"td\">\u00cdndices<\/div><div class=\"td\">AUS200<\/div><div class=\"td\">Cierre anticipado 16:00<\/div><\/div><div class=\"tr\"><div class=\"td\">\u00cdndices<\/div><div class=\"td\">HKG33<\/div><div class=\"td\">Cierre anticipado 22:00<\/div><\/div><div class=\"thead\"><div class=\"tr\"><div class=\"td\"><\/div><div class=\"td\">Instrumento<\/div><div class=\"td\">Viernes, 3 de abril de 2026<\/div><\/div><\/div><div class=\"tbody\"><div class=\"tr\"><div class=\"td\">Acciones<\/div><div class=\"td\">US<\/div><div class=\"td\">Cerrado<\/div><\/div><div class=\"tr\"><div class=\"td\">Acciones<\/div><div class=\"td\">REINO UNIDO<\/div><div class=\"td\">Cerrado<\/div><\/div><div class=\"tr\"><div class=\"td\">Acciones<\/div><div class=\"td\">Francia<\/div><div class=\"td\">Cerrado<\/div><\/div><div class=\"tr\"><div class=\"td\">Acciones<\/div><div class=\"td\">Pa\u00edses Bajos<\/div><div class=\"td\">Cerrado<\/div><\/div><div class=\"tr\"><div class=\"td\">Acciones<\/div><div class=\"td\">Portugal<\/div><div class=\"td\">Cerrado<\/div><\/div><div class=\"tr\"><div class=\"td\">Acciones<\/div><div class=\"td\">Espa\u00f1a<\/div><div class=\"td\">Cerrado<\/div><\/div><div class=\"tr\"><div class=\"td\">Acciones<\/div><div class=\"td\">Alemania<\/div><div class=\"td\">Cerrado<\/div><\/div><div class=\"tr\"><div class=\"td\">Acciones<\/div><div class=\"td\">Italia<\/div><div class=\"td\">Cerrado<\/div><\/div><div class=\"tr\"><div class=\"td\">Acciones<\/div><div class=\"td\">Noruega<\/div><div class=\"td\">Cerrado<\/div><\/div><div class=\"tr\"><div class=\"td\">Acciones<\/div><div class=\"td\">Suecia<\/div><div class=\"td\">Cerrado<\/div><\/div><div class=\"tr\"><div class=\"td\">Acciones<\/div><div class=\"td\">Finlandia<\/div><div class=\"td\">Cerrado<\/div><\/div><div class=\"tr\"><div class=\"td\">Acciones<\/div><div class=\"td\">Suiza<\/div><div class=\"td\">Cerrado<\/div><\/div><div class=\"tr\"><div class=\"td\">Acciones<\/div><div class=\"td\">Dinamarca<\/div><div class=\"td\">Cerrado<\/div><\/div><div class=\"tr\"><div class=\"td\">Materias primas<\/div><div class=\"td\">CC.XX<\/div><div class=\"td\">Cerrado<\/div><\/div><div class=\"tr\"><div class=\"td\">Materias primas<\/div><div class=\"td\">KC.XX<\/div><div class=\"td\">Cerrado<\/div><\/div><div class=\"tr\"><div class=\"td\">Materias primas<\/div><div class=\"td\">SB.XX<\/div><div class=\"td\">Cerrado<\/div><\/div><div class=\"tr\"><div class=\"td\">Materias primas<\/div><div class=\"td\">CT.XX<\/div><div class=\"td\">Cerrado<\/div><\/div><div class=\"tr\"><div class=\"td\">Materias primas<\/div><div class=\"td\">LCC.XX<\/div><div class=\"td\">Cerrado<\/div><\/div><div class=\"tr\"><div class=\"td\">Materias primas<\/div><div class=\"td\">LRC.XX<\/div><div class=\"td\">Cerrado<\/div><\/div><div class=\"tr\"><div class=\"td\">Materias primas<\/div><div class=\"td\">NG.XX<\/div><div class=\"td\">Cerrado<\/div><\/div><div class=\"tr\"><div class=\"td\">Materias primas<\/div><div class=\"td\">BRENT<\/div><div class=\"td\">Cerrado<\/div><\/div><div class=\"tr\"><div class=\"td\">Materias primas<\/div><div class=\"td\">BRN.XX<\/div><div class=\"td\">Cerrado<\/div><\/div><div class=\"tr\"><div class=\"td\">Materias primas<\/div><div class=\"td\">WTI<\/div><div class=\"td\">Cerrado<\/div><\/div><div class=\"tr\"><div class=\"td\">Materias primas<\/div><div class=\"td\">CL.XX<\/div><div class=\"td\">Cerrado<\/div><\/div><div class=\"tr\"><div class=\"td\">Materias primas<\/div><div class=\"td\">GC.XX<\/div><div class=\"td\">Cerrado<\/div><\/div><div class=\"tr\"><div class=\"td\">Materias primas<\/div><div class=\"td\">SI.XX<\/div><div class=\"td\">Cerrado<\/div><\/div><div class=\"tr\"><div class=\"td\">Materias primas<\/div><div class=\"td\">HG.XX<\/div><div class=\"td\">Cerrado<\/div><\/div><div class=\"tr\"><div class=\"td\">Materias primas<\/div><div class=\"td\">XAUUSD<\/div><div class=\"td\">Cerrado<\/div><\/div><div class=\"tr\"><div class=\"td\">Materias primas<\/div><div class=\"td\">XAGUSD<\/div><div class=\"td\">Cerrado<\/div><\/div><div class=\"tr\"><div class=\"td\">Materias primas<\/div><div class=\"td\">XAUEUR<\/div><div class=\"td\">Cerrado<\/div><\/div><div class=\"tr\"><div class=\"td\">Materias primas<\/div><div class=\"td\">XPTUSD<\/div><div class=\"td\">Cerrado<\/div><\/div><div class=\"tr\"><div class=\"td\">Materias primas<\/div><div class=\"td\">XPDUSD<\/div><div class=\"td\">Cerrado<\/div><\/div><div class=\"tr\"><div class=\"td\">\u00cdndices<\/div><div class=\"td\">AUS200<\/div><div class=\"td\">Cerrado<\/div><\/div><div class=\"tr\"><div class=\"td\">\u00cdndices<\/div><div class=\"td\">HKG33<\/div><div class=\"td\">Cerrado<\/div><\/div><div class=\"tr\"><div class=\"td\">\u00cdndices<\/div><div class=\"td\">ESP35<\/div><div class=\"td\">Cerrado<\/div><\/div><div class=\"tr\"><div class=\"td\">\u00cdndices<\/div><div class=\"td\">DE40 \/ DE40.XX<\/div><div class=\"td\">Cerrado<\/div><\/div><div class=\"tr\"><div class=\"td\">\u00cdndices<\/div><div class=\"td\">F40 \/ FRA40.XX<\/div><div class=\"td\">Cerrado<\/div><\/div><div class=\"tr\"><div class=\"td\">\u00cdndices<\/div><div class=\"td\">STOXX50 \/ EU50.XX<\/div><div class=\"td\">Cerrado<\/div><\/div><div class=\"tr\"><div class=\"td\">\u00cdndices<\/div><div class=\"td\">UK100 \/ UK100.XX<\/div><div class=\"td\">Cerrado<\/div><\/div><div class=\"tr\"><div class=\"td\">\u00cdndices<\/div><div class=\"td\">JPN225 \/ JP225.XX<\/div><div class=\"td\">Cierre anticipado 16:15<\/div><\/div><div class=\"tr\"><div class=\"td\">\u00cdndices<\/div><div class=\"td\">DX.XX<\/div><div class=\"td\">Cierre anticipado 18:15<\/div><\/div><div class=\"tr\"><div class=\"td\">\u00cdndices<\/div><div class=\"td\">US2000<\/div><div class=\"td\">Cierre anticipado 16:15<\/div><\/div><div class=\"tr\"><div class=\"td\">\u00cdndices<\/div><div class=\"td\">US30 \/ US30.XX<\/div><div class=\"td\">Cierre anticipado 16:15<\/div><\/div><div class=\"tr\"><div class=\"td\">\u00cdndices<\/div><div class=\"td\">US500 \/ ES500.XX<\/div><div class=\"td\">Cierre anticipado 16:15<\/div><\/div><div class=\"tr\"><div class=\"td\">\u00cdndices<\/div><div class=\"td\">USTEC \/ NQ100.XX<\/div><div class=\"td\">Cierre anticipado 16:15<\/div><\/div><div class=\"thead\"><div class=\"tr\"><div class=\"td\"><\/div><div class=\"td\">Instrumento<\/div><div class=\"td\">Lunes, 6 de abril de 2026<\/div><\/div><\/div><div class=\"tbody\"><div class=\"tr\"><div class=\"td\">Acciones<\/div><div class=\"td\">REINO UNIDO<\/div><div class=\"td\">Cerrado<\/div><\/div><div class=\"tr\"><div class=\"td\">Acciones<\/div><div class=\"td\">Francia<\/div><div class=\"td\">Cerrado<\/div><\/div><div class=\"tr\"><div class=\"td\">Acciones<\/div><div class=\"td\">Pa\u00edses Bajos<\/div><div class=\"td\">Cerrado<\/div><\/div><div class=\"tr\"><div class=\"td\">Acciones<\/div><div class=\"td\">Portugal<\/div><div class=\"td\">Cerrado<\/div><\/div><div class=\"tr\"><div class=\"td\">Acciones<\/div><div class=\"td\">Espa\u00f1a<\/div><div class=\"td\">Cerrado<\/div><\/div><div class=\"tr\"><div class=\"td\">Acciones<\/div><div class=\"td\">Alemania<\/div><div class=\"td\">Cerrado<\/div><\/div><div class=\"tr\"><div class=\"td\">Acciones<\/div><div class=\"td\">Italia<\/div><div class=\"td\">Cerrado<\/div><\/div><div class=\"tr\"><div class=\"td\">Acciones<\/div><div class=\"td\">Noruega<\/div><div class=\"td\">Cerrado<\/div><\/div><div class=\"tr\"><div class=\"td\">Acciones<\/div><div class=\"td\">Suecia<\/div><div class=\"td\">Cerrado<\/div><\/div><div class=\"tr\"><div class=\"td\">Acciones<\/div><div class=\"td\">Finlandia<\/div><div class=\"td\">Cerrado<\/div><\/div><div class=\"tr\"><div class=\"td\">Acciones<\/div><div class=\"td\">Suiza<\/div><div class=\"td\">Cerrado<\/div><\/div><div class=\"tr\"><div class=\"td\">Acciones<\/div><div class=\"td\">Dinamarca<\/div><div class=\"td\">Cerrado<\/div><\/div><div class=\"tr\"><div class=\"td\">\u00cdndices<\/div><div class=\"td\">AUS200<\/div><div class=\"td\">Cerrado<\/div><\/div><div class=\"tr\"><div class=\"td\">\u00cdndices<\/div><div class=\"td\">HKG33<\/div><div class=\"td\">Cerrado<\/div><\/div><div class=\"tr\"><div class=\"td\">\u00cdndices<\/div><div class=\"td\">ESP35<\/div><div class=\"td\">Cerrado<\/div><\/div><div class=\"tr\"><div class=\"td\">\u00cdndices<\/div><div class=\"td\">DE40 \/ DE40.XX<\/div><div class=\"td\">Cerrado<\/div><\/div><div class=\"tr\"><div class=\"td\">\u00cdndices<\/div><div class=\"td\">F40 \/ FRA40.XX<\/div><div class=\"td\">Cerrado<\/div><\/div><div class=\"tr\"><div class=\"td\">\u00cdndices<\/div><div class=\"td\">STOXX50 \/ EU50.XX<\/div><div class=\"td\">Cerrado<\/div><\/div><div class=\"tr\"><div class=\"td\">\u00cdndices<\/div><div class=\"td\">UK100 \/ UK100.XX<\/div><div class=\"td\">Cerrado<\/div><\/div><div class=\"tr\"><div class=\"td\">Materias primas<\/div><div class=\"td\">CC.XX<\/div><div class=\"td\">Cierre anticipado 20:30<\/div><\/div><div class=\"tr\"><div class=\"td\">Materias primas<\/div><div class=\"td\">KC.XX<\/div><div class=\"td\">Cierre anticipado 20:30<\/div><\/div><div class=\"tr\"><div class=\"td\">Materias primas<\/div><div class=\"td\">SB.XX<\/div><div class=\"td\">Cierre anticipado 20:30<\/div><\/div><div class=\"tr\"><div class=\"td\">Materias primas<\/div><div class=\"td\">LCC.XX<\/div><div class=\"td\">Cerrado<\/div><\/div><div class=\"tr\"><div class=\"td\">Materias primas<\/div><div class=\"td\">LRC.XX<\/div><div class=\"td\">Cerrado<\/div><\/div><div class=\"thead\"><div class=\"tr\"><div class=\"td\"><\/div><div class=\"td\">Instrumento<\/div><div class=\"td\">Martes, 7 de abril de 2026<\/div><\/div><\/div><div class=\"tbody\"><div class=\"tr\"><div class=\"td\">\u00cdndices<\/div><div class=\"td\">UK100<\/div><div class=\"td\">Abierto hasta tarde 03:00<\/div><\/div><div class=\"tr\"><div class=\"td\">\u00cdndices<\/div><div class=\"td\">HKG33<\/div><div class=\"td\">Cerrado<\/div><\/div><div class=\"thead\"><div class=\"tr\"><div class=\"td\"><\/div><div class=\"td\">Instrumento<\/div><div class=\"td\">Jueves, 30 de abril de 2026<\/div><\/div><\/div><div class=\"tbody\"><div class=\"tr\"><div class=\"td\">Acciones<\/div><div class=\"td\">Suecia<\/div><div class=\"td\">Cierre anticipado 14:00<\/div><\/div><\/div><\/div>\n<\/div>\n\t\t\t\t\t\t<\/div>\n\t\t\t\t<\/div>\n\t\t\t\t\t<\/div>\n\t\t\t\t<\/div>\n\t\t\t\t<\/div>\n\t\t<div class=\"elementor-element elementor-element-3d52b58 e-flex e-con-boxed e-con e-parent\" data-id=\"3d52b58\" data-element_type=\"container\">\n\t\t\t\t\t<div class=\"e-con-inner\">\n\t\t\t\t<div class=\"elementor-element elementor-element-543d901 elementor-widget elementor-widget-text-editor\" data-id=\"543d901\" data-element_type=\"widget\" data-widget_type=\"text-editor.default\">\n\t\t\t\t<div class=\"elementor-widget-container\">\n\t\t\t\t\t\t\t\t\t<p><span data-teams=\"true\">*Tenga en cuenta que los tiempos se basan en MT4 Time.<\/span><\/p>\t\t\t\t\t\t\t\t<\/div>\n\t\t\t\t<\/div>\n\t\t\t\t<div class=\"elementor-element elementor-element-d5c6a26 elementor-widget elementor-widget-text-editor\" data-id=\"d5c6a26\" data-element_type=\"widget\" data-widget_type=\"text-editor.default\">\n\t\t\t\t<div class=\"elementor-widget-container\">\n\t\t\t\t\t\t\t\t\t<p><span data-teams=\"true\">*Por favor, recuerde que estos horarios pueden cambiar sin previo aviso, y que los precios reflejar\u00e1n las condiciones actuales del mercado.<\/span><\/p>\t\t\t\t\t\t\t\t<\/div>\n\t\t\t\t<\/div>\n\t\t\t\t\t<\/div>\n\t\t\t\t<\/div>\n\t\t\t\t<\/div>","protected":false},"excerpt":{"rendered":"<p>Por favor, tenga en cuenta que los horarios se basan en la hora de MT4. *Por favor, recuerde que estos horarios pueden cambiar sin previo aviso, y los precios reflejar\u00e1n las condiciones actuales del mercado.<\/p>","protected":false},"author":3,"featured_media":0,"parent":0,"menu_order":0,"comment_status":"closed","ping_status":"closed","template":"","meta":{"_acf_changed":false,"inline_featured_image":false,"footnotes":""},"class_list":["post-312","page","type-page","status-publish","hentry"],"acf":[],"yoast_head":"<!-- This site is optimized with the Yoast SEO plugin v26.6 - https:\/\/yoast.com\/wordpress\/plugins\/seo\/ -->\n<title>Market Holidays - OneRoyal News<\/title>\n<meta name=\"robots\" content=\"index, follow, max-snippet:-1, max-image-preview:large, max-video-preview:-1\" \/>\n<link rel=\"canonical\" href=\"https:\/\/OneRoyal.news\/en\/market-holidays\/\" \/>\n<meta property=\"og:locale\" content=\"es_ES\" \/>\n<meta property=\"og:type\" content=\"article\" \/>\n<meta property=\"og:title\" content=\"Market Holidays - OneRoyal News\" \/>\n<meta property=\"og:description\" content=\"Stay Ahead with Our Comprehensive Market Holiday Calendar *Please note that timings are based on MT4 Time. *Please remember that these times may change without prior notice, and pricing will reflect current market conditions.\" \/>\n<meta property=\"og:url\" content=\"https:\/\/OneRoyal.news\/en\/market-holidays\/\" \/>\n<meta property=\"og:site_name\" content=\"OneRoyal News\" \/>\n<meta property=\"article:modified_time\" content=\"2026-03-30T08:17:06+00:00\" \/>\n<meta name=\"twitter:card\" content=\"summary_large_image\" \/>\n<meta name=\"twitter:label1\" content=\"Tiempo de lectura\" \/>\n\t<meta name=\"twitter:data1\" content=\"1 minuto\" \/>\n<script type=\"application\/ld+json\" class=\"yoast-schema-graph\">{\"@context\":\"https:\/\/schema.org\",\"@graph\":[{\"@type\":\"WebPage\",\"@id\":\"https:\/\/OneRoyal.news\/en\/market-holidays\/\",\"url\":\"https:\/\/OneRoyal.news\/en\/market-holidays\/\",\"name\":\"Market Holidays - OneRoyal News\",\"isPartOf\":{\"@id\":\"https:\/\/oneroyal.news\/ms\/#website\"},\"datePublished\":\"2025-03-28T13:42:27+00:00\",\"dateModified\":\"2026-03-30T08:17:06+00:00\",\"breadcrumb\":{\"@id\":\"https:\/\/OneRoyal.news\/en\/market-holidays\/#breadcrumb\"},\"inLanguage\":\"es\",\"potentialAction\":[{\"@type\":\"ReadAction\",\"target\":[\"https:\/\/OneRoyal.news\/en\/market-holidays\/\"]}]},{\"@type\":\"BreadcrumbList\",\"@id\":\"https:\/\/OneRoyal.news\/en\/market-holidays\/#breadcrumb\",\"itemListElement\":[{\"@type\":\"ListItem\",\"position\":1,\"name\":\"Home\",\"item\":\"https:\/\/oneroyal.news\/ms\/\"},{\"@type\":\"ListItem\",\"position\":2,\"name\":\"Market Holidays\"}]},{\"@type\":\"WebSite\",\"@id\":\"https:\/\/oneroyal.news\/ms\/#website\",\"url\":\"https:\/\/oneroyal.news\/ms\/\",\"name\":\"OneRoyal News\",\"description\":\"\",\"publisher\":{\"@id\":\"https:\/\/oneroyal.news\/ms\/#organization\"},\"potentialAction\":[{\"@type\":\"SearchAction\",\"target\":{\"@type\":\"EntryPoint\",\"urlTemplate\":\"https:\/\/oneroyal.news\/ms\/?s={search_term_string}\"},\"query-input\":{\"@type\":\"PropertyValueSpecification\",\"valueRequired\":true,\"valueName\":\"search_term_string\"}}],\"inLanguage\":\"es\"},{\"@type\":\"Organization\",\"@id\":\"https:\/\/oneroyal.news\/ms\/#organization\",\"name\":\"OneRoyal News\",\"url\":\"https:\/\/oneroyal.news\/ms\/\",\"logo\":{\"@type\":\"ImageObject\",\"inLanguage\":\"es\",\"@id\":\"https:\/\/oneroyal.news\/ms\/#\/schema\/logo\/image\/\",\"url\":\"https:\/\/oneroyal.news\/wp-content\/uploads\/2025\/01\/OR-logo.svg\",\"contentUrl\":\"https:\/\/oneroyal.news\/wp-content\/uploads\/2025\/01\/OR-logo.svg\",\"width\":123,\"height\":18,\"caption\":\"OneRoyal News\"},\"image\":{\"@id\":\"https:\/\/oneroyal.news\/ms\/#\/schema\/logo\/image\/\"}}]}<\/script>\n<!-- \/ Yoast SEO plugin. -->","yoast_head_json":{"title":"Vacaciones en el mercado - OneRoyal News","robots":{"index":"index","follow":"follow","max-snippet":"max-snippet:-1","max-image-preview":"max-image-preview:large","max-video-preview":"max-video-preview:-1"},"canonical":"https:\/\/OneRoyal.news\/en\/market-holidays\/","og_locale":"es_ES","og_type":"article","og_title":"Market Holidays - OneRoyal News","og_description":"Stay Ahead with Our Comprehensive Market Holiday Calendar *Please note that timings are based on MT4 Time. *Please remember that these times may change without prior notice, and pricing will reflect current market conditions.","og_url":"https:\/\/OneRoyal.news\/en\/market-holidays\/","og_site_name":"OneRoyal News","article_modified_time":"2026-03-30T08:17:06+00:00","twitter_card":"summary_large_image","twitter_misc":{"Tiempo de lectura":"1 minuto"},"schema":{"@context":"https:\/\/schema.org","@graph":[{"@type":"WebPage","@id":"https:\/\/OneRoyal.news\/en\/market-holidays\/","url":"https:\/\/OneRoyal.news\/en\/market-holidays\/","name":"Vacaciones en el mercado - OneRoyal News","isPartOf":{"@id":"https:\/\/oneroyal.news\/ms\/#website"},"datePublished":"2025-03-28T13:42:27+00:00","dateModified":"2026-03-30T08:17:06+00:00","breadcrumb":{"@id":"https:\/\/OneRoyal.news\/en\/market-holidays\/#breadcrumb"},"inLanguage":"es","potentialAction":[{"@type":"ReadAction","target":["https:\/\/OneRoyal.news\/en\/market-holidays\/"]}]},{"@type":"BreadcrumbList","@id":"https:\/\/OneRoyal.news\/en\/market-holidays\/#breadcrumb","itemListElement":[{"@type":"ListItem","position":1,"name":"Home","item":"https:\/\/oneroyal.news\/ms\/"},{"@type":"ListItem","position":2,"name":"Market Holidays"}]},{"@type":"WebSite","@id":"https:\/\/oneroyal.news\/ms\/#website","url":"https:\/\/oneroyal.news\/ms\/","name":"Noticias OneRoyal","description":"","publisher":{"@id":"https:\/\/oneroyal.news\/ms\/#organization"},"potentialAction":[{"@type":"SearchAction","target":{"@type":"EntryPoint","urlTemplate":"https:\/\/oneroyal.news\/ms\/?s={search_term_string}"},"query-input":{"@type":"PropertyValueSpecification","valueRequired":true,"valueName":"search_term_string"}}],"inLanguage":"es"},{"@type":"Organization","@id":"https:\/\/oneroyal.news\/ms\/#organization","name":"Noticias OneRoyal","url":"https:\/\/oneroyal.news\/ms\/","logo":{"@type":"ImageObject","inLanguage":"es","@id":"https:\/\/oneroyal.news\/ms\/#\/schema\/logo\/image\/","url":"https:\/\/oneroyal.news\/wp-content\/uploads\/2025\/01\/OR-logo.svg","contentUrl":"https:\/\/oneroyal.news\/wp-content\/uploads\/2025\/01\/OR-logo.svg","width":123,"height":18,"caption":"OneRoyal News"},"image":{"@id":"https:\/\/oneroyal.news\/ms\/#\/schema\/logo\/image\/"}}]}},"_links":{"self":[{"href":"https:\/\/oneroyal.news\/es\/wp-json\/wp\/v2\/pages\/312","targetHints":{"allow":["GET"]}}],"collection":[{"href":"https:\/\/oneroyal.news\/es\/wp-json\/wp\/v2\/pages"}],"about":[{"href":"https:\/\/oneroyal.news\/es\/wp-json\/wp\/v2\/types\/page"}],"author":[{"embeddable":true,"href":"https:\/\/oneroyal.news\/es\/wp-json\/wp\/v2\/users\/3"}],"replies":[{"embeddable":true,"href":"https:\/\/oneroyal.news\/es\/wp-json\/wp\/v2\/comments?post=312"}],"version-history":[{"count":111,"href":"https:\/\/oneroyal.news\/es\/wp-json\/wp\/v2\/pages\/312\/revisions"}],"predecessor-version":[{"id":24520,"href":"https:\/\/oneroyal.news\/es\/wp-json\/wp\/v2\/pages\/312\/revisions\/24520"}],"wp:attachment":[{"href":"https:\/\/oneroyal.news\/es\/wp-json\/wp\/v2\/media?parent=312"}],"curies":[{"name":"wp","href":"https:\/\/api.w.org\/{rel}","templated":true}]}}